{"id":3350,"date":"2020-05-28T12:15:33","date_gmt":"2020-05-28T12:15:33","guid":{"rendered":"http:\/\/www.astel.rs\/?page_id=3350"},"modified":"2026-02-16T10:51:55","modified_gmt":"2026-02-16T10:51:55","slug":"mitrovic-milan","status":"publish","type":"page","link":"https:\/\/www.astel.rs\/sr\/mitrovic-milan\/","title":{"rendered":"Mitrovi\u0107 Milan"},"content":{"rendered":"<div data-elementor-type=\"wp-page\" data-elementor-id=\"3350\" class=\"elementor elementor-3350\" data-elementor-settings=\"[]\">\n\t\t\t\t\t\t<div class=\"elementor-inner\">\n\t\t\t\t\t\t\t<div class=\"elementor-section-wrap\">\n\t\t\t\t\t\t\t<section class=\"elementor-section elementor-top-section elementor-element elementor-element-bef60d2 elementor-section-full_width elementor-section-height-default elementor-section-height-default\" data-id=\"bef60d2\" data-element_type=\"section\">\n\t\t\t\t\t\t<div class=\"elementor-container elementor-column-gap-default\">\n\t\t\t\t\t\t\t<div class=\"elementor-row\">\n\t\t\t\t\t<div class=\"elementor-column elementor-col-100 elementor-top-column elementor-element elementor-element-637fc70\" data-id=\"637fc70\" data-element_type=\"column\">\n\t\t\t<div class=\"elementor-column-wrap elementor-element-populated\">\n\t\t\t\t\t\t\t<div class=\"elementor-widget-wrap\">\n\t\t\t\t\t\t<div class=\"elementor-element elementor-element-39a353c elementor-widget elementor-widget-r-energy-page-hero-section\" data-id=\"39a353c\" data-element_type=\"widget\" data-widget_type=\"r-energy-page-hero-section.default\">\n\t\t\t\t<div class=\"elementor-widget-container\">\n\t\t\t<div class=\"promo-primary\"><div class=\"overlay\"><\/div><picture><source srcset=\"https:\/\/www.astel.rs\/wp-content\/uploads\/2020\/06\/team.jpg\" media=\"(min-width: 992px)\"\/><img decoding=\"async\" class=\"img-bg\" src=\"https:\/\/www.astel.rs\/wp-content\/uploads\/2020\/06\/team.jpg\" alt=\"team.jpg\"\/><\/picture><div class=\"container\"><div class=\"row\"><div class=\"col-12\"><div class=\"align-container\"><div class=\"align-item\"><span class=\"site__name\">Astel Projekt<\/span><h1 class=\"title\">Menad\u017ement<\/h1><\/div><\/div><\/div><\/div><\/div><\/div>\t\t<\/div>\n\t\t\t\t<\/div>\n\t\t\t\t\t\t<\/div>\n\t\t\t\t\t<\/div>\n\t\t<\/div>\n\t\t\t\t\t\t\t\t<\/div>\n\t\t\t\t\t<\/div>\n\t\t<\/section>\n\t\t\t\t<section class=\"elementor-section elementor-top-section elementor-element elementor-element-adf3b08 elementor-section-boxed elementor-section-height-default elementor-section-height-default\" data-id=\"adf3b08\" data-element_type=\"section\" data-settings=\"{&quot;background_background&quot;:&quot;classic&quot;}\">\n\t\t\t\t\t\t<div class=\"elementor-container elementor-column-gap-default\">\n\t\t\t\t\t\t\t<div class=\"elementor-row\">\n\t\t\t\t\t<div class=\"elementor-column elementor-col-50 elementor-top-column elementor-element elementor-element-3bc5208\" data-id=\"3bc5208\" data-element_type=\"column\">\n\t\t\t<div class=\"elementor-column-wrap elementor-element-populated\">\n\t\t\t\t\t\t\t<div class=\"elementor-widget-wrap\">\n\t\t\t\t\t\t<div class=\"elementor-element elementor-element-82b7822 elementor-widget elementor-widget-r-energy-team-member-item\" data-id=\"82b7822\" data-element_type=\"widget\" data-widget_type=\"r-energy-team-member-item.default\">\n\t\t\t\t<div class=\"elementor-widget-container\">\n\t\t\t<div class=\"team-item team-item--primary\"><div class=\"img-holder\"><img decoding=\"async\" class=\"img-bg\" src=\"https:\/\/www.astel.rs\/wp-content\/uploads\/2020\/06\/Milan.jpg\" alt=\"Milan.jpg\"\/><nav class=\"socials-holder\"><ul class=\"socials-primary\"><li><a href=\"\" target=\"_blank\"><\/a><\/li><\/ul><\/nav><div class=\"description\"><span class=\"name\">Milan Mitrovi\u0107<\/span><span class=\"position\">Tehni\u010dki direktor<\/span><\/div><\/div><\/div>\t\t<\/div>\n\t\t\t\t<\/div>\n\t\t\t\t\t\t<\/div>\n\t\t\t\t\t<\/div>\n\t\t<\/div>\n\t\t\t\t<div class=\"elementor-column elementor-col-50 elementor-top-column elementor-element elementor-element-19af7f5\" data-id=\"19af7f5\" data-element_type=\"column\" data-settings=\"{&quot;background_background&quot;:&quot;classic&quot;}\">\n\t\t\t<div class=\"elementor-column-wrap elementor-element-populated\">\n\t\t\t\t\t\t\t<div class=\"elementor-widget-wrap\">\n\t\t\t\t\t\t<div class=\"elementor-element elementor-element-db8643f elementor-widget__width-auto elementor-widget elementor-widget-heading\" data-id=\"db8643f\" data-element_type=\"widget\" data-widget_type=\"heading.default\">\n\t\t\t\t<div class=\"elementor-widget-container\">\n\t\t\t<h3 class=\"elementor-heading-title elementor-size-default\">Milan Mitrovi\u0107 ,<\/h3>\t\t<\/div>\n\t\t\t\t<\/div>\n\t\t\t\t<div class=\"elementor-element elementor-element-5d141b3 elementor-widget__width-auto elementor-widget elementor-widget-heading\" data-id=\"5d141b3\" data-element_type=\"widget\" data-widget_type=\"heading.default\">\n\t\t\t\t<div class=\"elementor-widget-container\">\n\t\t\t<h6 class=\"elementor-heading-title elementor-size-default\">dipl. in\u017e. elektrotehnike<\/h6>\t\t<\/div>\n\t\t\t\t<\/div>\n\t\t\t\t<div class=\"elementor-element elementor-element-126ddb2 elementor-widget elementor-widget-heading\" data-id=\"126ddb2\" data-element_type=\"widget\" data-widget_type=\"heading.default\">\n\t\t\t\t<div class=\"elementor-widget-container\">\n\t\t\t<h6 class=\"elementor-heading-title elementor-size-default\">Tehni\u010dki direktor<\/h6>\t\t<\/div>\n\t\t\t\t<\/div>\n\t\t\t\t<div class=\"elementor-element elementor-element-d72bb13 elementor-widget elementor-widget-text-editor\" data-id=\"d72bb13\" data-element_type=\"widget\" data-widget_type=\"text-editor.default\">\n\t\t\t\t<div class=\"elementor-widget-container\">\n\t\t\t\t\t<div class=\"elementor-text-editor elementor-clearfix\"><p>Milan je od 2011. godine zaposlen u Astel Projektu, od kada je i anga\u017eovan na poslovima u sektoru za projektovanje i zna\u010dajno je doprineo da ovaj organizacioni deo izgradi svoju zavidnu reputaciju. Danas, kao Rukovodilac sektora za projektovanje telekomunikacionih mre\u017ea i sistema, Milan je zadu\u017een za organizovanje, koordinaciju svog tima in\u017eenjera i tehni\u010dara, i za aktivnosti tokom procesa planiranja i projektovanja telekomunikacionih sistema i pripremu odgovarajuc\u0301e pratec\u0301e tehni\u010dke dokumentacije.<\/p><p class=\" translation-block\">Kao odgovorni projektant izradio je niz projekata, kao \u0161to su: Tehni\u010dka dokumentacija funkcionalne radio mre\u017ee sistema javnog uzbunjivanja i obave\u0161tavanja stanovni\u0161tva na teritoriji Grada Beograda; Unapre\u0111enje funkcionalnog Sistema VHF\/UHF radio mre\u017ee za PEEPS \u2013 Tent Obrenovac sa optimizacijom broja radio kanala; Tehni\u010dka dokumentacija digitalne RR mre\u017ee za povezivanje digitalnih repetitora u regionu Kragujevca, itd.<\/p><p>Od 2011-2020 u\u010destvovao je kao projektant saradnik na razli\u010ditim projektima za GSM\/UMTS\/LTE radio bazne stanice, RR linkove, FM radio stanice, funkcionalne i radio mre\u017ee, a kao projekt menad\u017eer i vo\u0111a tima na drive test i stationary test merenjima Telenor mobilne pristupne mre\u017ee.<\/p><p>Milan poseduje lincencu In\u017eenjerske Komore Srbije br. 353 O33915 \u2013 Odgovorni projektant telekomunikacionih mre\u017ea i sistema i sertifikovan je od strane ETF Cisco Network Academy \u2013 CCNA.\u00a0<\/p><\/div>\n\t\t\t\t<\/div>\n\t\t\t\t<\/div>\n\t\t\t\t\t\t<\/div>\n\t\t\t\t\t<\/div>\n\t\t<\/div>\n\t\t\t\t\t\t\t\t<\/div>\n\t\t\t\t\t<\/div>\n\t\t<\/section>\n\t\t\t\t\t\t<\/div>\n\t\t\t\t\t\t<\/div>\n\t\t\t\t\t<\/div>","protected":false},"excerpt":{"rendered":"<p>Astel Management Milan Mitrovi\u0107Technical Director Milan Mitrovi\u0107 , Msc Electrical Engineer Technical Director Milan stands at the forefront of Astel Projekt\u2019s Project department. Since joining the Company in 2011 he has been working within this sector and helped build it\u2019s respectable reputation. He is in charge of organizing and coordinating his team of engineers and&#8230;<\/p>","protected":false},"author":1,"featured_media":0,"parent":0,"menu_order":0,"comment_status":"closed","ping_status":"closed","template":"r-energy-elementor-page.php","meta":{"footnotes":""},"class_list":{"0":"post-3350","1":"page","2":"type-page","3":"status-publish","4":"hentry","5":"nt-post-class","6":"","7":"masonry-item","8":"col-lg-6","10":"thumb-none","12":"excerpt-none"},"_links":{"self":[{"href":"https:\/\/www.astel.rs\/sr\/wp-json\/wp\/v2\/pages\/3350","targetHints":{"allow":["GET"]}}],"collection":[{"href":"https:\/\/www.astel.rs\/sr\/wp-json\/wp\/v2\/pages"}],"about":[{"href":"https:\/\/www.astel.rs\/sr\/wp-json\/wp\/v2\/types\/page"}],"author":[{"embeddable":true,"href":"https:\/\/www.astel.rs\/sr\/wp-json\/wp\/v2\/users\/1"}],"replies":[{"embeddable":true,"href":"https:\/\/www.astel.rs\/sr\/wp-json\/wp\/v2\/comments?post=3350"}],"version-history":[{"count":33,"href":"https:\/\/www.astel.rs\/sr\/wp-json\/wp\/v2\/pages\/3350\/revisions"}],"predecessor-version":[{"id":4634,"href":"https:\/\/www.astel.rs\/sr\/wp-json\/wp\/v2\/pages\/3350\/revisions\/4634"}],"wp:attachment":[{"href":"https:\/\/www.astel.rs\/sr\/wp-json\/wp\/v2\/media?parent=3350"}],"curies":[{"name":"wp","href":"https:\/\/api.w.org\/{rel}","templated":true}]}}