{"id":434,"date":"2019-12-24T18:47:50","date_gmt":"2019-12-24T18:47:50","guid":{"rendered":"https:\/\/ninetheme.com\/themes\/r-energy\/?page_id=434"},"modified":"2020-07-01T09:47:26","modified_gmt":"2020-07-01T09:47:26","slug":"services-details","status":"publish","type":"page","link":"http:\/\/www.astel.rs\/sr\/services-details\/","title":{"rendered":"Services Details"},"content":{"rendered":"<div data-elementor-type=\"wp-page\" data-elementor-id=\"434\" class=\"elementor elementor-434\" data-elementor-settings=\"[]\">\n\t\t\t\t\t\t<div class=\"elementor-inner\">\n\t\t\t\t\t\t\t<div class=\"elementor-section-wrap\">\n\t\t\t\t\t\t\t<section class=\"elementor-section elementor-top-section elementor-element elementor-element-7d0afff2 elementor-section-stretched elementor-section-full_width elementor-section-height-default elementor-section-height-default\" data-id=\"7d0afff2\" data-element_type=\"section\" data-settings=\"{&quot;stretch_section&quot;:&quot;section-stretched&quot;}\">\n\t\t\t\t\t\t<div class=\"elementor-container elementor-column-gap-no\">\n\t\t\t\t\t\t\t<div class=\"elementor-row\">\n\t\t\t\t\t<div class=\"elementor-column elementor-col-100 elementor-top-column elementor-element elementor-element-526da723\" data-id=\"526da723\" data-element_type=\"column\">\n\t\t\t<div class=\"elementor-column-wrap elementor-element-populated\">\n\t\t\t\t\t\t\t<div class=\"elementor-widget-wrap\">\n\t\t\t\t\t\t<div class=\"elementor-element elementor-element-2c18ea95 elementor-widget elementor-widget-r-energy-page-hero-section\" data-id=\"2c18ea95\" data-element_type=\"widget\" data-widget_type=\"r-energy-page-hero-section.default\">\n\t\t\t\t<div class=\"elementor-widget-container\">\n\t\t\t<div class=\"promo-primary\"><div class=\"overlay\"><\/div><picture><source srcset=\"http:\/\/www.astel.rs\/wp-content\/uploads\/2020\/06\/services-cover.jpg\" media=\"(min-width: 992px)\"\/><img decoding=\"async\" class=\"img-bg\" src=\"http:\/\/www.astel.rs\/wp-content\/uploads\/2020\/06\/services-cover.jpg\" alt=\"services-cover.jpg\"\/><\/picture><div class=\"container\"><div class=\"row\"><div class=\"col-12\"><div class=\"align-container\"><div class=\"align-item\"><span class=\"site__name\">Astel Projekt<\/span><h1 class=\"title\">Usluge<\/h1><\/div><\/div><\/div><\/div><\/div><\/div>\t\t<\/div>\n\t\t\t\t<\/div>\n\t\t\t\t<div class=\"elementor-element elementor-element-c1a1338 elementor-widget elementor-widget-r-energy-vertical-tabs-section\" data-id=\"c1a1338\" data-element_type=\"widget\" data-widget_type=\"r-energy-vertical-tabs-section.default\">\n\t\t\t\t<div class=\"elementor-widget-container\">\n\t\t\t<div class=\"section services-details\"><div class=\"tabs-holder details-tabs\"><div class=\"container\"><div class=\"row\"><div class=\"col-xl-3 col-md-4\"><div class=\"tabs-header\"><span class=\"tabs-header__title\">STUDIJE AKUSTIKE I STUDIJE ZA RANO UZBUNJIVANJE I UPOZORAVANJE USLED ELEMENTARNIH NEPOGODA <\/span><span class=\"tabs-header__title\">NEJONIZUJU\u0106E ZRA\u010cENJE <\/span><span class=\"tabs-header__title\">TEHNI\u010cKI PREGLEDI RADIO STANICA<\/span><span class=\"tabs-header__title\">PROJEKTOVANJE TELEKOMUNIKACIONIH MRE\u017dA I SISTEMA<\/span><\/div><\/div><div class=\"col-xl-9 col-md-8\"><div class=\"tabs-content\"><div class=\"tabs-content__item\"><h3>\u00a0<\/h3><h3>Akustika i IDP sistema javnog uzbunjivanja<\/h3><p>Astel Projekt vr\u0161i izradu slede\u0107e tehni\u010dke dokumentacije:<\/p><p>-Studije akusti\u010dnosti<\/p><p>-Idejni projekti sistema javnog uzbunjivanja<\/p><p>-Idejna re\u0161enja za pojedina\u010dne alarmne stanice<\/p><p>-Idejni projekti za pojedina\u010dne alarmne stanice<\/p><h3>Studija akusti\u010dnosti<\/h3><p>Studija akusti\u010dnosti predstavlja polazni dokument za izradu idejnog projekta i tehni\u010dke dokumentacije vi\u0161eg stepena i potrebno je da sadr\u017ei sve potrebne elemente na osnovu kojih \u0107e se izvr\u0161iti raspore\u0111ivanje alarmnih sirena sistema javnog uzbunjivanja na odre\u0111enoj teritoriji.<\/p><p class=\" translation-block\">U okviru studije akusti\u010dnosti je potrebno analizirati i sagledati postoje\u0107e stanje sistema javnog uzbunjivanja na odre\u0111enoj teritoriji, predlo\u017eiti neophodnu rekonstrukciju sirena na postoje\u0107im lokacijama, kao i odrediti nova podru\u010dja i zone koje je potrebno pokriti signalom novih alarmnih sirena. Studija je potrebno da sadr\u017ei zone akusti\u010dkog pokrivanja alarmnih sirena, prema zahtevima navedenim u \u010dlanu 96 Zakona o smanjenju rizika od katastrofa i upravljanju vanrednim situacijama (Slu\u017ebeni glasnik RS br. 87\/18).<\/p><p>Studijom akusti\u010dnosti se utvr\u0111uje broj, lokacija i konfiguracija alarmnih sirena kako bi se obezbedilo da nivo zvuka unutar servisne zone javne alarmne sirene, za gradska i seoska podru\u010dja, ima vrednost odre\u0111enu va\u017ee\u0107im zakonskim normativima.\nStudija akusti\u010dnosti sadr\u017ei opis metode prora\u010duna zone akusti\u010dkog pokrivanja, kao i procenu uticaja objekata, buke i meteorolo\u0161kih faktora na prostiranje i slabljenje zvuka i izbor lokacija alarmnih sirena.<\/p><p><img loading=\"lazy\" decoding=\"async\" class=\"alignnone size-full wp-image-3814\" src=\"http:\/\/www.astel.rs\/wp-content\/uploads\/2020\/06\/services-01.jpg\" alt=\"\" width=\"1200\" height=\"800\" srcset=\"http:\/\/www.astel.rs\/wp-content\/uploads\/2020\/06\/services-01.jpg 1200w, http:\/\/www.astel.rs\/wp-content\/uploads\/2020\/06\/services-01-300x200.jpg 300w, http:\/\/www.astel.rs\/wp-content\/uploads\/2020\/06\/services-01-1024x683.jpg 1024w, http:\/\/www.astel.rs\/wp-content\/uploads\/2020\/06\/services-01-768x512.jpg 768w\" sizes=\"auto, (max-width: 1200px) 100vw, 1200px\" \/><\/p><h3>Sistemi javnog uzbunjivanja<\/h3><p>Savremeni sistemi javnog uzbunjivanja su sastavljeni od perifernih alarmnih sirena na predlo\u017eenim lokacijama, komandnih centara i potrebnih telekomunikacionih puteva za prenos podataka i upravljanje sirenama.<\/p><p>Kona\u010dan cilj projektovanja i izgradnje sistema javnog uzbunjivanja na odre\u0111enoj teritoriji jeste pobolj\u0161anje reagovanja u vanrednim situacijama na lokalnom nivou i stvaranje u potpunosti funkcionalne celine, koja \u0107e biti deo \u0161ireg nacionalnog sistema.<\/p><p>Sistem javnog uzbunjivanja, pored osnovne reprodukcije alarmnih signala, mora omogu\u0107iti emitovanje govornih poruka, koje mogu biti unapred snimljene ili emitovane u\u017eivo. Potrebno je omogu\u0107iti aktivaciju svih alarmnih sirena u sistemu, odre\u0111ene definisane grupe sirene i pojedina\u010dne sirene. Tako\u0111e, mora postojati mogu\u0107nost ru\u010dne aktivacije sirena, od strane autorizovanih lica, sa bilo koje lokacije alarmne sirene. Pored instalacije elektronskih alarmnih sirena na mikrolokacijama predlo\u017eenim u Studiji akustike, izgradnja savremenog sistema javnog uzbunjivanja podrazumeva i implementiranje komandnih centara (primarnog, redundantnog i mobilnog). U cilju povezivanja komandnih centara sa perifernim alarmnim stanicama i obezbe\u0111ivanja uslova za kontrolu i upravljanje nad alarmnim sirenama, projektom  se defini\u0161u telekomunikacione mre\u017ee (IP\/MPLS, UHF, ...) za nesmetan prenos relevantnih podataka.<\/p><\/div><\/div><div class=\"tabs-content\"><div class=\"tabs-content__item\"><h3>\u00a0<\/h3><h3>Nejonizuju\u0107e zra\u010denje<\/h3><p class=\" translation-block\">Astel laboratorija je akreditovana od strane Akreditacionog Tela Srbije (ATS) za ispitivanje i merenje nejonizuju\u0107eg zra\u010denja u \u017eivotnoj sredini u skladu sa standardom SRPS ISO\/IEC 17025:2017 pod brojem 01-494 i ovla\u0161\u0107ena od strane nadle\u017enog Ministarstva Republike Srbije i Sekretarijata AP Vojvodine za sistematsko ispitivanje nivoa zra\u010denja i ispitivanje nivoa zra\u010denja izvora od posebnog interesa u \u017eivotnoj sredini za visokofrekventno i niskofrekventno podru\u010dje.<\/p><p>Astel Laboratorija obavlja ispitivanja (merenja) elektromagnetnog zra\u010denja koje emituju izvori nejonizuju\u0107eg zra\u010denja u \u017eivotnoj sredini:<\/p><p>1)  u visokofrekventnom opsegu, \u0161irokopojasnim merenjem u opsegu od 100 kHz d\u043e 8 GHz i frekvencijski selektivnim merenjima u opsegu od 27 \u041cHz d\u043e 6 GHz, na otvorenom i u zatvorenom prostoru,<\/p><p>2) u niskofrekventnom opsegu od 1Hz do 400 kHz (merenje ja\u010dine elektri\u010dnog polja i magnetne indukcije), na otvorenom i u zatvorenom prostoru,<\/p><p>u cilju procene izlo\u017eenosti stanovni\u0161tva delovanju elekromagnetnom zra\u010denju.\n\nObim ispitivanja se odnosi na:<\/p><p>\u2212 GSM \/ DCS \/ UMTS (WCDMA) \/ LTE bazne stanice u javnoj mobilnoj komunikacionoj mre\u017ei;<\/p><p>\u2212 FM, DAB, DRM, DVB-T predajnici u radio-difuznoj mre\u017ei;<\/p><p>\u2212 radio-stanice u lokalnoj be\u017ei\u010dnoj pristupnoj mre\u017ei (WLAN);<\/p><p>\u2212 CDMA bazne stanice u okviru fiksne be\u017ei\u010dne pristupne mre\u017ee;<\/p><p>\u2212 radio-stanice u lokalnoj be\u017ei\u010dnoj pristupnoj mre\u017ei (WLAN);<\/p><p>\u2212 i ostalim izvorima elektromagnetnog zra\u010denja u opsegu ispitivanja mernih instrumenata<\/p><p>Klijentima smo u mogu\u0107nosti da rezultate sprovedenih ispitivanja ponudimo u formi:<\/p><p>-Izve\u0161taja o ispitivanju nivoa izlaganja ljudi visokofrekventnim elektromagnetnim poljima,<\/p><p>-Stru\u010dne ocene optere\u0107enja \u017eivotne sredine,<\/p><p>-Studije o proceni uticaja na \u017eivotnu sredinu.<\/p><p>Laboratorija je opremljena najsavremenijom opremom i visokokompetentnim obu\u010denim kadrovima. Ure\u0111aji koji se koriste prilikom obavljanja ispitivanja su:<\/p><p>- Analizator spektra SRM-3006, 9KHz-6GHz, proizvo\u0111a\u010d NARDA<\/p><p>- Antenna three axis 27MHz \u2013 3GHz, proizvo\u0111a\u010d NARDA<\/p><p>- Antenna three axis 420Mhz \u2013 6GHz, proizvo\u0111a\u010d NARDA<\/p><p>- Mera\u010d elektromagnetnog polja SMP2, 1Hz-40Ghz, proizvo\u0111a\u010d WAVECONTROL<\/p><p>- \u0160irokopojasna merna sonda 100kHz-8GHz, proizvo\u0111a\u010d WAVECONTROL<\/p><p>- Softver za prora\u010dun merne nesigurnosti ASTEL PROJEKT<\/p><p><img loading=\"lazy\" decoding=\"async\" class=\"alignnone wp-image-3743 size-full\" src=\"http:\/\/www.astel.rs\/wp-content\/uploads\/2020\/06\/services.jpg\" alt=\"\" width=\"1600\" height=\"654\" srcset=\"http:\/\/www.astel.rs\/wp-content\/uploads\/2020\/06\/services.jpg 1600w, http:\/\/www.astel.rs\/wp-content\/uploads\/2020\/06\/services-300x123.jpg 300w, http:\/\/www.astel.rs\/wp-content\/uploads\/2020\/06\/services-1024x419.jpg 1024w, http:\/\/www.astel.rs\/wp-content\/uploads\/2020\/06\/services-768x314.jpg 768w, http:\/\/www.astel.rs\/wp-content\/uploads\/2020\/06\/services-1536x628.jpg 1536w\" sizes=\"auto, (max-width: 1600px) 100vw, 1600px\" \/><\/p><\/div><\/div><div class=\"tabs-content\"><div class=\"tabs-content__item\"><h3>\u00a0<\/h3><h3>Tehni\u010dki pregledi radio stanica<\/h3><p>Astel Projekt je, u skladu sa  sa \u010dlanom 167. Zakona o elektronskim komunikacijama (\u201eSlu\u017ebeni glasnik RS\u02ee, br. 35\/2023) ovla\u0161\u0107en od strane Ministarstva informisanja i telekomunikacija za vr\u0161enje merenja i ispitivanja rada elektronskih komunikacionih mre\u017ea i usluga, pripadaju\u0107ih sredstava, elektronske komunikacione opreme, radio-opreme i terminalne opreme. \nTokom vremena, pro\u0161irili smo na\u0161 portfolio i pored tehni\u010dkih pregleda obavljamo i:<\/p><p>-Testiranje i optimizaciju pristupne radio mre\u017ee (izvo\u0111enje drive testova \u2013 DT, kori\u0161\u0107enje najmodernijeg softvera i hardvera - NEMO OUTDOOR and NEMO ANALYZE)<br \/>-Tehni\u010dka kontrola glavnih projekata iz oblasti telekomunikacija<br \/>-Instalacija i odr\u017eavanje telekomunikacionih mre\u017ea i sistema<\/p><p>U sklopu vr\u0161enja poslova tehni\u010dkih pregleda, svojim klijentima smo u mogu\u0107nosti da ponudimo zaokru\u017eenu END to END frequency management uslugu koja obuhvata slede\u0107e:<\/p><p>-Tehni\u010dke preglede baznih radio stanica i radio \u2013 relejnih veza (MW linkova) prema RATEL-ovom Pravilniku,<br \/>-Poslove najave tehni\u010dkih pregleda kod vlasnika objekata u\/na kojima se nalazi oprema baznih stanica ili RR oprema i organizacije rasporeda obilaska lokacija,<br \/>-Izradu tehni\u010dke dokumentacije baznih stanica i RR veza za dobijanje dozvola za kori\u0161\u0107enje frekvencija od RATELA, kao i kompletnu korespodenciju sa RATELOM u smislu podno\u0161enja Zahteva za dobijanje novih dozvola (ZPD obrazac) za pojedina\u010dno kori\u0161\u0107enje frekvencija<br \/>-Kompletno vodjenje evidencije o izdatim dozvolama, \u0161to podrazumeva i podno\u0161enje Zahteva za zamenu dozvola kojima isti\u010de rok na koje su izdate<br \/>- Koordinaciju i prepisku sa RATEL-om u procesu podno\u0161enja zahteva za dozvolu za frekvenciju<br \/>-Detaljno odr\u017eavanje baze podataka o dozvolama<\/p><p><img loading=\"lazy\" decoding=\"async\" class=\"alignnone wp-image-3818 size-full\" src=\"http:\/\/www.astel.rs\/wp-content\/uploads\/2020\/06\/new.jpg\" alt=\"\" width=\"885\" height=\"631\" srcset=\"http:\/\/www.astel.rs\/wp-content\/uploads\/2020\/06\/new.jpg 885w, http:\/\/www.astel.rs\/wp-content\/uploads\/2020\/06\/new-300x214.jpg 300w, http:\/\/www.astel.rs\/wp-content\/uploads\/2020\/06\/new-768x548.jpg 768w\" sizes=\"auto, (max-width: 885px) 100vw, 885px\" \/><\/p><p>Na ovaj na\u010din klijent je u mogu\u0107nosti da ostvari zna\u010dajne u\u0161tede u tro\u0161kovima i pove\u0107a produktivnost svojih zaposlenih.<\/p><p><img loading=\"lazy\" decoding=\"async\" class=\"alignnone wp-image-3816 size-full\" src=\"http:\/\/www.astel.rs\/wp-content\/uploads\/2020\/06\/tehnical-2.png\" alt=\"\" width=\"1000\" height=\"664\" srcset=\"http:\/\/www.astel.rs\/wp-content\/uploads\/2020\/06\/tehnical-2.png 1000w, http:\/\/www.astel.rs\/wp-content\/uploads\/2020\/06\/tehnical-2-300x199.png 300w, http:\/\/www.astel.rs\/wp-content\/uploads\/2020\/06\/tehnical-2-768x510.png 768w\" sizes=\"auto, (max-width: 1000px) 100vw, 1000px\" \/><\/p><\/div><\/div><div class=\"tabs-content\"><div class=\"tabs-content__item\"><h3>\u00a0<\/h3><h3>Projektovanje telekomunikacionih mre\u017ea I sistema<\/h3><p>Astel Projekt se zahvaljuju\u0107i svom stru\u010dnom kadru, profesionalizmu u obavljanju posla i ulaganjima u softvere i opremu, svrstao u vode\u0107e pru\u017eaoce usluga dizajna telekomunikacionih mre\u017ea i sistema sa velikim brojem referenci izvedenih projekata na teritoriji Srbije, gde   smo projektovali vi\u0161e od 90% radio i TV stanica.<\/p><p>Posebno smo specijalizovani za projektovanje telekomunikacionih mre\u017ea i sistema za:<\/p><p>-FM radio stanice<\/p><p>-TV stanice<\/p><p>-Radio relejne veze<\/p><p>-GSM\/UMTS\/LTE radio bazne stanice<\/p><p>-Opti\u010dke komunikacione sisteme<\/p><p>-Funkcionalne radio mre\u017ee u UHF\/VHF opsegu<\/p><p>-Be\u017ei\u010dni internet<\/p><p>-VSAT (Very small aperture terminal) stanice<\/p><p>-UP LINKOVE<\/p><p>-Pristupne mre\u017ee<\/p><p>-CATV (Cable Distribution Systems)<\/p><p>-Access networks<\/p><p><img loading=\"lazy\" decoding=\"async\" class=\"alignleft wp-image-3654 size-large\" src=\"http:\/\/www.astel.rs\/wp-content\/uploads\/2020\/06\/astel1-1024x420.png\" alt=\"\" width=\"960\" height=\"394\" srcset=\"http:\/\/www.astel.rs\/wp-content\/uploads\/2020\/06\/astel1-1024x420.png 1024w, http:\/\/www.astel.rs\/wp-content\/uploads\/2020\/06\/astel1-300x123.png 300w, http:\/\/www.astel.rs\/wp-content\/uploads\/2020\/06\/astel1-768x315.png 768w, http:\/\/www.astel.rs\/wp-content\/uploads\/2020\/06\/astel1-1536x629.png 1536w, http:\/\/www.astel.rs\/wp-content\/uploads\/2020\/06\/astel1-2048x839.png 2048w\" sizes=\"auto, (max-width: 960px) 100vw, 960px\" \/><\/p><\/div><\/div><\/div><\/div><\/div><\/div><\/div>\t\t<\/div>\n\t\t\t\t<\/div>\n\t\t\t\t\t\t<\/div>\n\t\t\t\t\t<\/div>\n\t\t<\/div>\n\t\t\t\t\t\t\t\t<\/div>\n\t\t\t\t\t<\/div>\n\t\t<\/section>\n\t\t\t\t\t\t<\/div>\n\t\t\t\t\t\t<\/div>\n\t\t\t\t\t<\/div>","protected":false},"excerpt":{"rendered":"<p>Astel Projekt Services ACOUSTIC STUDIES AND PROJECT DESIGN FOR EARLY PUBLIC WARNING SYSTEMS ELECTROMAGNETIC FIELD TESTING AND MEASUREMENTS TECHNICAL INSPECTIONSTELECOMMUNICATION SYSTEM AND NETWORK DESIGN \u00a0 Acoustic studies and project design for early public warning systems In this segment, Astel Projekt prepares the following technical documentation in full compliance with all applicable laws, bylaws, regulations, technical&#8230;<\/p>","protected":false},"author":1,"featured_media":0,"parent":0,"menu_order":0,"comment_status":"closed","ping_status":"closed","template":"r-energy-elementor-page.php","meta":{"footnotes":""},"class_list":{"0":"post-434","1":"page","2":"type-page","3":"status-publish","4":"hentry","5":"nt-post-class","6":"","7":"masonry-item","8":"col-lg-6","10":"thumb-none","12":"excerpt-none"},"_links":{"self":[{"href":"http:\/\/www.astel.rs\/sr\/wp-json\/wp\/v2\/pages\/434","targetHints":{"allow":["GET"]}}],"collection":[{"href":"http:\/\/www.astel.rs\/sr\/wp-json\/wp\/v2\/pages"}],"about":[{"href":"http:\/\/www.astel.rs\/sr\/wp-json\/wp\/v2\/types\/page"}],"author":[{"embeddable":true,"href":"http:\/\/www.astel.rs\/sr\/wp-json\/wp\/v2\/users\/1"}],"replies":[{"embeddable":true,"href":"http:\/\/www.astel.rs\/sr\/wp-json\/wp\/v2\/comments?post=434"}],"version-history":[{"count":40,"href":"http:\/\/www.astel.rs\/sr\/wp-json\/wp\/v2\/pages\/434\/revisions"}],"predecessor-version":[{"id":4114,"href":"http:\/\/www.astel.rs\/sr\/wp-json\/wp\/v2\/pages\/434\/revisions\/4114"}],"wp:attachment":[{"href":"http:\/\/www.astel.rs\/sr\/wp-json\/wp\/v2\/media?parent=434"}],"curies":[{"name":"wp","href":"https:\/\/api.w.org\/{rel}","templated":true}]}}