{"id":3397,"date":"2020-05-29T08:17:55","date_gmt":"2020-05-29T08:17:55","guid":{"rendered":"http:\/\/www.astel.rs\/?page_id=3397"},"modified":"2022-04-28T09:44:10","modified_gmt":"2022-04-28T09:44:10","slug":"astel-software","status":"publish","type":"page","link":"http:\/\/www.astel.rs\/sr\/astel-software\/","title":{"rendered":"Astel Softver"},"content":{"rendered":"<div data-elementor-type=\"wp-page\" data-elementor-id=\"3397\" class=\"elementor elementor-3397\" data-elementor-settings=\"[]\">\n\t\t\t\t\t\t<div class=\"elementor-inner\">\n\t\t\t\t\t\t\t<div class=\"elementor-section-wrap\">\n\t\t\t\t\t\t\t<section class=\"elementor-section elementor-top-section elementor-element elementor-element-21c4ddf elementor-section-stretched elementor-section-full_width elementor-section-height-default elementor-section-height-default\" data-id=\"21c4ddf\" data-element_type=\"section\" data-settings=\"{&quot;stretch_section&quot;:&quot;section-stretched&quot;}\">\n\t\t\t\t\t\t<div class=\"elementor-container elementor-column-gap-no\">\n\t\t\t\t\t\t\t<div class=\"elementor-row\">\n\t\t\t\t\t<div class=\"elementor-column elementor-col-100 elementor-top-column elementor-element elementor-element-6c6eb8d\" data-id=\"6c6eb8d\" data-element_type=\"column\">\n\t\t\t<div class=\"elementor-column-wrap elementor-element-populated\">\n\t\t\t\t\t\t\t<div class=\"elementor-widget-wrap\">\n\t\t\t\t\t\t<div class=\"elementor-element elementor-element-e376615 elementor-widget elementor-widget-r-energy-page-hero-section\" data-id=\"e376615\" data-element_type=\"widget\" data-widget_type=\"r-energy-page-hero-section.default\">\n\t\t\t\t<div class=\"elementor-widget-container\">\n\t\t\t<div class=\"promo-primary\"><div class=\"overlay\"><\/div><picture><source srcset=\"http:\/\/www.astel.rs\/wp-content\/uploads\/2020\/06\/software-plava.jpg\" media=\"(min-width: 992px)\"\/><img decoding=\"async\" class=\"img-bg\" src=\"http:\/\/www.astel.rs\/wp-content\/uploads\/2020\/06\/software-plava.jpg\" alt=\"software-plava.jpg\"\/><\/picture><div class=\"container\"><div class=\"row\"><div class=\"col-12\"><div class=\"align-container\"><div class=\"align-item\"><span class=\"site__name\">Astel Projekt<\/span><h1 class=\"title\">Astel Softver<\/h1><\/div><\/div><\/div><\/div><\/div><\/div>\t\t<\/div>\n\t\t\t\t<\/div>\n\t\t\t\t\t\t<\/div>\n\t\t\t\t\t<\/div>\n\t\t<\/div>\n\t\t\t\t\t\t\t\t<\/div>\n\t\t\t\t\t<\/div>\n\t\t<\/section>\n\t\t\t\t<div class=\"elementor-section elementor-top-section elementor-element elementor-element-f90bdfa elementor-section-stretched elementor-section-full_width nt-section section no-padding-bottom about-welcome elementor-section-height-default elementor-section-height-default\" data-id=\"f90bdfa\" data-element_type=\"section\" data-settings=\"{&quot;stretch_section&quot;:&quot;section-stretched&quot;}\">\n\t\t\t\t\t\t<div class=\"elementor-container elementor-column-gap-no\">\n\t\t\t\t\t\t\t<div class=\"elementor-row\">\n\t\t\t\t\t<div class=\"elementor-column elementor-col-100 elementor-top-column elementor-element elementor-element-0c8f6c7\" data-id=\"0c8f6c7\" data-element_type=\"column\">\n\t\t\t<div class=\"elementor-column-wrap elementor-element-populated\">\n\t\t\t\t\t\t\t<div class=\"elementor-widget-wrap\">\n\t\t\t\t\t\t<div class=\"elementor-element elementor-element-65d9632 elementor-widget elementor-widget-r-energy-about-us-two-section\" data-id=\"65d9632\" data-element_type=\"widget\" data-widget_type=\"r-energy-about-us-two-section.default\">\n\t\t\t\t<div class=\"elementor-widget-container\">\n\t\t\t<div class=\"about-welcome about-welcome--style-2\"><div class=\"container\"><div class=\"row align-items-center\"><div class=\"col-xl-4 col-lg-5\"><div class=\"title-block\"><h2 class=\"title\">ASTEL <br> SOFTVER<\/h2><\/div><\/div><div class=\"col-xl-7 offset-xl-1 col-lg-6 offset-lg-1\"><div class=\"description\"><p>Astel Projekt je za sopstvene potrebe razvio ASTEL SOFTVER u cilju kvalitetne i efikasne izrade prora\u010duna neophodnih za pripremu tehni\u010dke dokumentacije. Sa ASTEL SOFTVEROM se obavlja prora\u010dun ja\u010dine elektri\u010dnog polja na odre\u0111enom rastojanju od predajnika, grafi\u010dki i tabelarni prikazi zona pokrivanja, grafi\u010dki prikaz zone opti\u010dke vidljivosti, kao i iscrtavanje profila terena i profila nivoa elektromagnetnog polja\u00a0<b data-stringify-type=\"bold\">called ASTEL SOFTWARE,<\/b>\u00a0has been registered with the Intellectual Property Office (registration number A-0067\/2015).<\/p><p>Softver je za\u0161ti\u0107en kod Zavoda za intelektualnu svojinu pod registarskim brojem A-0067\/2015 i redovno se uskla\u0111uje sa najnovijim ITU-R preporukama i predstavlja potpuno funkcionalno i a\u017eurno ICT softversko re\u0161enje.<\/p><p>ASTEL SOFTVER se koristi za prora\u010dun: radio - relejnih linkova, funkcionalnih sistema veza, zone pokrivanja radio signalom, fiksne mre\u017ee, me\u0111usobnog uticaja novog FM\/TV predajnika i postoje\u0107eg, koordinacione zone i bud\u017eeta linka zemaljskih satelitskih stanica i nivoa el. polja na nivou tla i po spratovima okolnih objekata oko izvora elektromagnetnog zra\u010denja\/radio predajnika.<\/p><\/div><\/div><\/div><\/div><\/div>\t\t<\/div>\n\t\t\t\t<\/div>\n\t\t\t\t<div class=\"elementor-element elementor-element-33c1e6e elementor-widget elementor-widget-text-editor\" data-id=\"33c1e6e\" data-element_type=\"widget\" data-widget_type=\"text-editor.default\">\n\t\t\t\t<div class=\"elementor-widget-container\">\n\t\t\t\t\t<div class=\"elementor-text-editor elementor-clearfix\"><\/div>\n\t\t\t\t<\/div>\n\t\t\t\t<\/div>\n\t\t\t\t\t\t<\/div>\n\t\t\t\t\t<\/div>\n\t\t<\/div>\n\t\t\t\t\t\t\t\t<\/div>\n\t\t\t\t\t<\/div>\n\t\t<\/div>\n\t\t\t\t<section class=\"elementor-section elementor-top-section elementor-element elementor-element-f808289 elementor-section-boxed elementor-section-height-default elementor-section-height-default\" data-id=\"f808289\" data-element_type=\"section\">\n\t\t\t\t\t\t<div class=\"elementor-container elementor-column-gap-default\">\n\t\t\t\t\t\t\t<div class=\"elementor-row\">\n\t\t\t\t\t<div class=\"elementor-column elementor-col-33 elementor-top-column elementor-element elementor-element-2e991a0\" data-id=\"2e991a0\" data-element_type=\"column\">\n\t\t\t<div class=\"elementor-column-wrap elementor-element-populated\">\n\t\t\t\t\t\t\t<div class=\"elementor-widget-wrap\">\n\t\t\t\t\t\t<div class=\"elementor-element elementor-element-39578dd elementor-widget elementor-widget-image\" data-id=\"39578dd\" data-element_type=\"widget\" data-widget_type=\"image.default\">\n\t\t\t\t<div class=\"elementor-widget-container\">\n\t\t\t\t\t<div class=\"elementor-image\">\n\t\t\t\t\t\t\t\t\t\t<img loading=\"lazy\" decoding=\"async\" width=\"960\" height=\"990\" src=\"http:\/\/www.astel.rs\/wp-content\/uploads\/2020\/06\/traka-993x1024.jpg\" class=\"attachment-large size-large\" alt=\"\" srcset=\"http:\/\/www.astel.rs\/wp-content\/uploads\/2020\/06\/traka-993x1024.jpg 993w, http:\/\/www.astel.rs\/wp-content\/uploads\/2020\/06\/traka-291x300.jpg 291w, http:\/\/www.astel.rs\/wp-content\/uploads\/2020\/06\/traka-768x792.jpg 768w, http:\/\/www.astel.rs\/wp-content\/uploads\/2020\/06\/traka-1489x1536.jpg 1489w, http:\/\/www.astel.rs\/wp-content\/uploads\/2020\/06\/traka-1985x2048.jpg 1985w, http:\/\/www.astel.rs\/wp-content\/uploads\/2020\/06\/traka.jpg 1997w\" sizes=\"auto, (max-width: 960px) 100vw, 960px\" \/>\t\t\t\t\t\t\t\t\t\t\t<\/div>\n\t\t\t\t<\/div>\n\t\t\t\t<\/div>\n\t\t\t\t\t\t<\/div>\n\t\t\t\t\t<\/div>\n\t\t<\/div>\n\t\t\t\t<div class=\"elementor-column elementor-col-33 elementor-top-column elementor-element elementor-element-4b4b7eb\" data-id=\"4b4b7eb\" data-element_type=\"column\">\n\t\t\t<div class=\"elementor-column-wrap elementor-element-populated\">\n\t\t\t\t\t\t\t<div class=\"elementor-widget-wrap\">\n\t\t\t\t\t\t<div class=\"elementor-element elementor-element-a3180da elementor-widget elementor-widget-image\" data-id=\"a3180da\" data-element_type=\"widget\" data-widget_type=\"image.default\">\n\t\t\t\t<div class=\"elementor-widget-container\">\n\t\t\t\t\t<div class=\"elementor-image\">\n\t\t\t\t\t\t\t\t\t\t<img loading=\"lazy\" decoding=\"async\" width=\"800\" height=\"820\" src=\"http:\/\/www.astel.rs\/wp-content\/uploads\/2020\/06\/zp2.jpg\" class=\"attachment-large size-large\" alt=\"\" srcset=\"http:\/\/www.astel.rs\/wp-content\/uploads\/2020\/06\/zp2.jpg 800w, http:\/\/www.astel.rs\/wp-content\/uploads\/2020\/06\/zp2-293x300.jpg 293w, http:\/\/www.astel.rs\/wp-content\/uploads\/2020\/06\/zp2-768x787.jpg 768w\" sizes=\"auto, (max-width: 800px) 100vw, 800px\" \/>\t\t\t\t\t\t\t\t\t\t\t<\/div>\n\t\t\t\t<\/div>\n\t\t\t\t<\/div>\n\t\t\t\t\t\t<\/div>\n\t\t\t\t\t<\/div>\n\t\t<\/div>\n\t\t\t\t<div class=\"elementor-column elementor-col-33 elementor-top-column elementor-element elementor-element-dad44be\" data-id=\"dad44be\" data-element_type=\"column\">\n\t\t\t<div class=\"elementor-column-wrap elementor-element-populated\">\n\t\t\t\t\t\t\t<div class=\"elementor-widget-wrap\">\n\t\t\t\t\t\t<div class=\"elementor-element elementor-element-db4e3e9 elementor-widget elementor-widget-image\" data-id=\"db4e3e9\" data-element_type=\"widget\" data-widget_type=\"image.default\">\n\t\t\t\t<div class=\"elementor-widget-container\">\n\t\t\t\t\t<div class=\"elementor-image\">\n\t\t\t\t\t\t\t\t\t\t<img loading=\"lazy\" decoding=\"async\" width=\"800\" height=\"820\" src=\"http:\/\/www.astel.rs\/wp-content\/uploads\/2020\/06\/tt2.jpg\" class=\"attachment-large size-large\" alt=\"\" srcset=\"http:\/\/www.astel.rs\/wp-content\/uploads\/2020\/06\/tt2.jpg 800w, http:\/\/www.astel.rs\/wp-content\/uploads\/2020\/06\/tt2-293x300.jpg 293w, http:\/\/www.astel.rs\/wp-content\/uploads\/2020\/06\/tt2-768x787.jpg 768w\" sizes=\"auto, (max-width: 800px) 100vw, 800px\" \/>\t\t\t\t\t\t\t\t\t\t\t<\/div>\n\t\t\t\t<\/div>\n\t\t\t\t<\/div>\n\t\t\t\t\t\t<\/div>\n\t\t\t\t\t<\/div>\n\t\t<\/div>\n\t\t\t\t\t\t\t\t<\/div>\n\t\t\t\t\t<\/div>\n\t\t<\/section>\n\t\t\t\t<div class=\"elementor-section elementor-top-section elementor-element elementor-element-3ac8788 elementor-section-stretched elementor-section-full_width nt-section section no-padding-bottom about-welcome elementor-section-height-default elementor-section-height-default\" data-id=\"3ac8788\" data-element_type=\"section\" data-settings=\"{&quot;stretch_section&quot;:&quot;section-stretched&quot;}\">\n\t\t\t\t\t\t<div class=\"elementor-container elementor-column-gap-no\">\n\t\t\t\t\t\t\t<div class=\"elementor-row\">\n\t\t\t\t\t<div class=\"elementor-column elementor-col-100 elementor-top-column elementor-element elementor-element-d642d01\" data-id=\"d642d01\" data-element_type=\"column\">\n\t\t\t<div class=\"elementor-column-wrap elementor-element-populated\">\n\t\t\t\t\t\t\t<div class=\"elementor-widget-wrap\">\n\t\t\t\t\t\t<div class=\"elementor-element elementor-element-ee8edc0 elementor-widget elementor-widget-r-energy-about-us-two-section\" data-id=\"ee8edc0\" data-element_type=\"widget\" data-widget_type=\"r-energy-about-us-two-section.default\">\n\t\t\t\t<div class=\"elementor-widget-container\">\n\t\t\t<div class=\"about-welcome about-welcome--style-2\"><div class=\"container\"><div class=\"row align-items-center\"><div class=\"col-xl-4 col-lg-5\"><div class=\"title-block\"><h2 class=\"title\">ASTEL <br> EMF<\/h2><\/div><\/div><div class=\"col-xl-7 offset-xl-1 col-lg-6 offset-lg-1\"><div class=\"description\"><p>Vr\u0161i prora\u010dun elektromagnetnog polja u lokalnoj zoni oko definisanih izvora na odre\u0111enoj visini iznad tla. Tako\u0111e, vr\u0161i prora\u010dune nivoa elektromagnetnog polja po spratovima unapred definisanih objekata koji se nalaze u zoni oko elektromagnetnih izvora. Rezultati se prikazuju tabelarno i grafi\u010dki a kao ulazni prikaz se mogu koristiti satelitski snimci, karte odgovaraju\u0107e razmere, aero snimci (ortofoto) pa \u010dak i bela crte\u017ei osnove objekata.  Tako\u0111e pri prora\u010dinima se uzima i oblik terena u obzir kori\u0161\u0107enjem jednog od nekoliko digitalnih modela koje softver ima na raspolaganju (2m, 20m, 30m itd).<br \/>Rezultati dobijeni kori\u0161\u0107enjem ASTEL EMF se naj\u010de\u0161\u0107e koristite za procenu uskla\u0111enosti budu\u0107eg novog ili modifikovanog izvora zra\u010denja npr. bazne stanice sa zahtevima Pravilnika koji defini\u0161u nivo izlo\u017eenosti stanovni\u0161tva elektomagnetnim poljima u zoni oko izvora.<\/p><\/div><\/div><\/div><\/div><\/div>\t\t<\/div>\n\t\t\t\t<\/div>\n\t\t\t\t\t\t<\/div>\n\t\t\t\t\t<\/div>\n\t\t<\/div>\n\t\t\t\t\t\t\t\t<\/div>\n\t\t\t\t\t<\/div>\n\t\t<\/div>\n\t\t\t\t<section class=\"elementor-section elementor-top-section elementor-element elementor-element-93636b4 elementor-section-boxed elementor-section-height-default elementor-section-height-default\" data-id=\"93636b4\" data-element_type=\"section\">\n\t\t\t\t\t\t<div class=\"elementor-container elementor-column-gap-default\">\n\t\t\t\t\t\t\t<div class=\"elementor-row\">\n\t\t\t\t\t<div class=\"elementor-column elementor-col-33 elementor-top-column elementor-element elementor-element-8b68fae\" data-id=\"8b68fae\" data-element_type=\"column\">\n\t\t\t<div class=\"elementor-column-wrap elementor-element-populated\">\n\t\t\t\t\t\t\t<div class=\"elementor-widget-wrap\">\n\t\t\t\t\t\t<div class=\"elementor-element elementor-element-4a9f634 elementor-widget elementor-widget-image\" data-id=\"4a9f634\" data-element_type=\"widget\" data-widget_type=\"image.default\">\n\t\t\t\t<div class=\"elementor-widget-container\">\n\t\t\t\t\t<div class=\"elementor-image\">\n\t\t\t\t\t\t\t\t\t\t<img loading=\"lazy\" decoding=\"async\" width=\"605\" height=\"604\" src=\"http:\/\/www.astel.rs\/wp-content\/uploads\/2022\/04\/Picture-5.jpg\" class=\"attachment-large size-large\" alt=\"\" srcset=\"http:\/\/www.astel.rs\/wp-content\/uploads\/2022\/04\/Picture-5.jpg 605w, http:\/\/www.astel.rs\/wp-content\/uploads\/2022\/04\/Picture-5-300x300.jpg 300w, http:\/\/www.astel.rs\/wp-content\/uploads\/2022\/04\/Picture-5-150x150.jpg 150w, http:\/\/www.astel.rs\/wp-content\/uploads\/2022\/04\/Picture-5-12x12.jpg 12w, http:\/\/www.astel.rs\/wp-content\/uploads\/2022\/04\/Picture-5-450x450.jpg 450w\" sizes=\"auto, (max-width: 605px) 100vw, 605px\" \/>\t\t\t\t\t\t\t\t\t\t\t<\/div>\n\t\t\t\t<\/div>\n\t\t\t\t<\/div>\n\t\t\t\t\t\t<\/div>\n\t\t\t\t\t<\/div>\n\t\t<\/div>\n\t\t\t\t<div class=\"elementor-column elementor-col-33 elementor-top-column elementor-element elementor-element-d5b57af\" data-id=\"d5b57af\" data-element_type=\"column\">\n\t\t\t<div class=\"elementor-column-wrap elementor-element-populated\">\n\t\t\t\t\t\t\t<div class=\"elementor-widget-wrap\">\n\t\t\t\t\t\t<div class=\"elementor-element elementor-element-e19b333 elementor-widget elementor-widget-image\" data-id=\"e19b333\" data-element_type=\"widget\" data-widget_type=\"image.default\">\n\t\t\t\t<div class=\"elementor-widget-container\">\n\t\t\t\t\t<div class=\"elementor-image\">\n\t\t\t\t\t\t\t\t\t\t<img loading=\"lazy\" decoding=\"async\" width=\"745\" height=\"750\" src=\"http:\/\/www.astel.rs\/wp-content\/uploads\/2022\/04\/Picture-3.png\" class=\"attachment-large size-large\" alt=\"\" srcset=\"http:\/\/www.astel.rs\/wp-content\/uploads\/2022\/04\/Picture-3.png 745w, http:\/\/www.astel.rs\/wp-content\/uploads\/2022\/04\/Picture-3-298x300.png 298w, http:\/\/www.astel.rs\/wp-content\/uploads\/2022\/04\/Picture-3-150x150.png 150w, http:\/\/www.astel.rs\/wp-content\/uploads\/2022\/04\/Picture-3-12x12.png 12w\" sizes=\"auto, (max-width: 745px) 100vw, 745px\" \/>\t\t\t\t\t\t\t\t\t\t\t<\/div>\n\t\t\t\t<\/div>\n\t\t\t\t<\/div>\n\t\t\t\t\t\t<\/div>\n\t\t\t\t\t<\/div>\n\t\t<\/div>\n\t\t\t\t<div class=\"elementor-column elementor-col-33 elementor-top-column elementor-element elementor-element-d37948a\" data-id=\"d37948a\" data-element_type=\"column\">\n\t\t\t<div class=\"elementor-column-wrap elementor-element-populated\">\n\t\t\t\t\t\t\t<div class=\"elementor-widget-wrap\">\n\t\t\t\t\t\t<div class=\"elementor-element elementor-element-ce2191d elementor-widget elementor-widget-image\" data-id=\"ce2191d\" data-element_type=\"widget\" data-widget_type=\"image.default\">\n\t\t\t\t<div class=\"elementor-widget-container\">\n\t\t\t\t\t<div class=\"elementor-image\">\n\t\t\t\t\t\t\t\t\t\t<img loading=\"lazy\" decoding=\"async\" width=\"745\" height=\"750\" src=\"http:\/\/www.astel.rs\/wp-content\/uploads\/2022\/04\/Picture-3-copy.jpg\" class=\"attachment-large size-large\" alt=\"\" srcset=\"http:\/\/www.astel.rs\/wp-content\/uploads\/2022\/04\/Picture-3-copy.jpg 745w, http:\/\/www.astel.rs\/wp-content\/uploads\/2022\/04\/Picture-3-copy-298x300.jpg 298w, http:\/\/www.astel.rs\/wp-content\/uploads\/2022\/04\/Picture-3-copy-150x150.jpg 150w, http:\/\/www.astel.rs\/wp-content\/uploads\/2022\/04\/Picture-3-copy-12x12.jpg 12w\" sizes=\"auto, (max-width: 745px) 100vw, 745px\" \/>\t\t\t\t\t\t\t\t\t\t\t<\/div>\n\t\t\t\t<\/div>\n\t\t\t\t<\/div>\n\t\t\t\t\t\t<\/div>\n\t\t\t\t\t<\/div>\n\t\t<\/div>\n\t\t\t\t\t\t\t\t<\/div>\n\t\t\t\t\t<\/div>\n\t\t<\/section>\n\t\t\t\t<div class=\"elementor-section elementor-top-section elementor-element elementor-element-42e7915 elementor-section-stretched elementor-section-full_width nt-section section no-padding-bottom about-welcome elementor-section-height-default elementor-section-height-default\" data-id=\"42e7915\" data-element_type=\"section\" data-settings=\"{&quot;stretch_section&quot;:&quot;section-stretched&quot;}\">\n\t\t\t\t\t\t<div class=\"elementor-container elementor-column-gap-no\">\n\t\t\t\t\t\t\t<div class=\"elementor-row\">\n\t\t\t\t\t<div class=\"elementor-column elementor-col-100 elementor-top-column elementor-element elementor-element-349a232\" data-id=\"349a232\" data-element_type=\"column\">\n\t\t\t<div class=\"elementor-column-wrap elementor-element-populated\">\n\t\t\t\t\t\t\t<div class=\"elementor-widget-wrap\">\n\t\t\t\t\t\t<div class=\"elementor-element elementor-element-96f435c elementor-widget elementor-widget-r-energy-about-us-two-section\" data-id=\"96f435c\" data-element_type=\"widget\" data-widget_type=\"r-energy-about-us-two-section.default\">\n\t\t\t\t<div class=\"elementor-widget-container\">\n\t\t\t<div class=\"about-welcome about-welcome--style-2\"><div class=\"container\"><div class=\"row align-items-center\"><div class=\"col-xl-4 col-lg-5\"><div class=\"title-block\"><h2 class=\"title\">ASTEL <br>\nSOUND<\/h2><\/div><\/div><div class=\"col-xl-7 offset-xl-1 col-lg-6 offset-lg-1\"><div class=\"description\"><p class=\" translation-block\">Prora\u010dun zone akusti\u010dkog pokrivanja na odre\u0111enom rastojanju od alarmne sirene i grafi\u010dki prikaz akusti\u010dke zona pokrivanja se vr\u0161e pomo\u0107u programa ASTEL SOUND, koji je Astel Projekt razvio za sopstvene potrebe.<\/p><p>Osnovu programa \u010dini datoteka digitalnog modela terena sa rezolucijom od 2m, 5m, 20m, 50m i 100m i prema ovom modelu digitalizovane geografske karte Srbije izvornih razmera 1:1 000 000,  1 : 600 000,  1 : 500 000, 1 : 300 000,   1 : 200 000, 1 : 50 000  i  1 : 25 000.<\/p><\/div><\/div><\/div><\/div><\/div>\t\t<\/div>\n\t\t\t\t<\/div>\n\t\t\t\t\t\t<\/div>\n\t\t\t\t\t<\/div>\n\t\t<\/div>\n\t\t\t\t\t\t\t\t<\/div>\n\t\t\t\t\t<\/div>\n\t\t<\/div>\n\t\t\t\t<div class=\"elementor-section elementor-top-section elementor-element elementor-element-3aaaa85 elementor-section-full_width nt-section section no-padding-top elementor-section-height-default elementor-section-height-default\" data-id=\"3aaaa85\" data-element_type=\"section\">\n\t\t\t\t\t\t<div class=\"elementor-container elementor-column-gap-no\">\n\t\t\t\t\t\t\t<div class=\"elementor-row\">\n\t\t\t\t\t<div class=\"elementor-column elementor-col-100 elementor-top-column elementor-element elementor-element-67901d8\" data-id=\"67901d8\" data-element_type=\"column\">\n\t\t\t<div class=\"elementor-column-wrap elementor-element-populated\">\n\t\t\t\t\t\t\t<div class=\"elementor-widget-wrap\">\n\t\t\t\t\t\t<div class=\"elementor-element elementor-element-5fa1d00 elementor-widget elementor-widget-r-energy-product-description-section\" data-id=\"5fa1d00\" data-element_type=\"widget\" data-widget_type=\"r-energy-product-description-section.default\">\n\t\t\t\t<div class=\"elementor-widget-container\">\n\t\t\t<div class=\"description-item hidecolor\"><div class=\"container\"><div class=\"row align-items-center flex-column-reverse flex-md-row\"><div class=\"col-lg-6 col-md-7\"><div class=\"align-container\"><div class=\"align-item\"><p>Program omogu\u0107ava prora\u010dun zone akusti\u010dkog pokrivanja, na odre\u0111enom rastojanju od alarmne sirene, saglasno prethodno opisanoj preporuci SRPS ISO 9613-2, uzimaju\u0107i u obzir geometrijsku divergenciju, apsorpciju u atmosferi, uticaj zemljine povr\u0161ine i prepreka. Tako\u0111e, postoji mogu\u0107nost unosa korekcija razli\u010ditih vrednosti, u zavisnosti od stepena urbanizacije.    \n\nProgram omogu\u0107ava grafi\u010dki prikaz zona akusti\u010dkog pokrivanja za razli\u010dite grani\u010dne nivoe zvu\u010dnog pritiska, uz iscrtavanje profila terena sa korakom od 1 stepena.<\/p><\/div><\/div><\/div><div class=\"col-lg-5 offset-xl-1 col-md-5\"><div class=\"description-item__img\"><img decoding=\"async\" src=\"http:\/\/www.astel.rs\/wp-content\/uploads\/2020\/05\/ast.png\" alt=\"\"><\/div><\/div><\/div><\/div><\/div>\t\t<\/div>\n\t\t\t\t<\/div>\n\t\t\t\t\t\t<\/div>\n\t\t\t\t\t<\/div>\n\t\t<\/div>\n\t\t\t\t\t\t\t\t<\/div>\n\t\t\t\t\t<\/div>\n\t\t<\/div>\n\t\t\t\t<section class=\"elementor-section elementor-top-section elementor-element elementor-element-f98e663 elementor-section-boxed elementor-section-height-default elementor-section-height-default\" data-id=\"f98e663\" data-element_type=\"section\">\n\t\t\t\t\t\t<div class=\"elementor-container elementor-column-gap-default\">\n\t\t\t\t\t\t\t<div class=\"elementor-row\">\n\t\t\t\t\t<div class=\"elementor-column elementor-col-33 elementor-top-column elementor-element elementor-element-c81064f\" data-id=\"c81064f\" data-element_type=\"column\">\n\t\t\t<div class=\"elementor-column-wrap elementor-element-populated\">\n\t\t\t\t\t\t\t<div class=\"elementor-widget-wrap\">\n\t\t\t\t\t\t<div class=\"elementor-element elementor-element-ab2aff3 elementor-widget elementor-widget-image\" data-id=\"ab2aff3\" data-element_type=\"widget\" data-widget_type=\"image.default\">\n\t\t\t\t<div class=\"elementor-widget-container\">\n\t\t\t\t\t<div class=\"elementor-image\">\n\t\t\t\t\t\t\t\t\t\t<img loading=\"lazy\" decoding=\"async\" width=\"960\" height=\"934\" src=\"http:\/\/www.astel.rs\/wp-content\/uploads\/2020\/06\/Zona-pokrivanja-UE3-Vujica-brdo-Dobroslava-Ru\u017eica-bb.jpg\" class=\"attachment-large size-large\" alt=\"\" srcset=\"http:\/\/www.astel.rs\/wp-content\/uploads\/2020\/06\/Zona-pokrivanja-UE3-Vujica-brdo-Dobroslava-Ru\u017eica-bb.jpg 1000w, http:\/\/www.astel.rs\/wp-content\/uploads\/2020\/06\/Zona-pokrivanja-UE3-Vujica-brdo-Dobroslava-Ru\u017eica-bb-300x292.jpg 300w, http:\/\/www.astel.rs\/wp-content\/uploads\/2020\/06\/Zona-pokrivanja-UE3-Vujica-brdo-Dobroslava-Ru\u017eica-bb-768x747.jpg 768w\" sizes=\"auto, (max-width: 960px) 100vw, 960px\" \/>\t\t\t\t\t\t\t\t\t\t\t<\/div>\n\t\t\t\t<\/div>\n\t\t\t\t<\/div>\n\t\t\t\t\t\t<\/div>\n\t\t\t\t\t<\/div>\n\t\t<\/div>\n\t\t\t\t<div class=\"elementor-column elementor-col-33 elementor-top-column elementor-element elementor-element-3588c4a\" data-id=\"3588c4a\" data-element_type=\"column\">\n\t\t\t<div class=\"elementor-column-wrap elementor-element-populated\">\n\t\t\t\t\t\t\t<div class=\"elementor-widget-wrap\">\n\t\t\t\t\t\t<div class=\"elementor-element elementor-element-d2b1169 elementor-widget elementor-widget-image\" data-id=\"d2b1169\" data-element_type=\"widget\" data-widget_type=\"image.default\">\n\t\t\t\t<div class=\"elementor-widget-container\">\n\t\t\t\t\t<div class=\"elementor-image\">\n\t\t\t\t\t\t\t\t\t\t<img loading=\"lazy\" decoding=\"async\" width=\"960\" height=\"926\" src=\"http:\/\/www.astel.rs\/wp-content\/uploads\/2020\/06\/Zona-pokrivanja-UE9-U\u017eice-Mali\u0161e-Atanackovica-3.jpg\" class=\"attachment-large size-large\" alt=\"\" srcset=\"http:\/\/www.astel.rs\/wp-content\/uploads\/2020\/06\/Zona-pokrivanja-UE9-U\u017eice-Mali\u0161e-Atanackovica-3.jpg 1000w, http:\/\/www.astel.rs\/wp-content\/uploads\/2020\/06\/Zona-pokrivanja-UE9-U\u017eice-Mali\u0161e-Atanackovica-3-300x290.jpg 300w, http:\/\/www.astel.rs\/wp-content\/uploads\/2020\/06\/Zona-pokrivanja-UE9-U\u017eice-Mali\u0161e-Atanackovica-3-768x741.jpg 768w\" sizes=\"auto, (max-width: 960px) 100vw, 960px\" \/>\t\t\t\t\t\t\t\t\t\t\t<\/div>\n\t\t\t\t<\/div>\n\t\t\t\t<\/div>\n\t\t\t\t\t\t<\/div>\n\t\t\t\t\t<\/div>\n\t\t<\/div>\n\t\t\t\t<div class=\"elementor-column elementor-col-33 elementor-top-column elementor-element elementor-element-a7f9e88\" data-id=\"a7f9e88\" data-element_type=\"column\">\n\t\t\t<div class=\"elementor-column-wrap elementor-element-populated\">\n\t\t\t\t\t\t\t<div class=\"elementor-widget-wrap\">\n\t\t\t\t\t\t<div class=\"elementor-element elementor-element-9067f7c elementor-widget elementor-widget-image\" data-id=\"9067f7c\" data-element_type=\"widget\" data-widget_type=\"image.default\">\n\t\t\t\t<div class=\"elementor-widget-container\">\n\t\t\t\t\t<div class=\"elementor-image\">\n\t\t\t\t\t\t\t\t\t\t<img loading=\"lazy\" decoding=\"async\" width=\"960\" height=\"918\" src=\"http:\/\/www.astel.rs\/wp-content\/uploads\/2020\/06\/Zona-pokrivanja-UE13-Sevojno-Prvomajska-bb.jpg\" class=\"attachment-large size-large\" alt=\"\" srcset=\"http:\/\/www.astel.rs\/wp-content\/uploads\/2020\/06\/Zona-pokrivanja-UE13-Sevojno-Prvomajska-bb.jpg 1000w, http:\/\/www.astel.rs\/wp-content\/uploads\/2020\/06\/Zona-pokrivanja-UE13-Sevojno-Prvomajska-bb-300x287.jpg 300w, http:\/\/www.astel.rs\/wp-content\/uploads\/2020\/06\/Zona-pokrivanja-UE13-Sevojno-Prvomajska-bb-768x734.jpg 768w\" sizes=\"auto, (max-width: 960px) 100vw, 960px\" \/>\t\t\t\t\t\t\t\t\t\t\t<\/div>\n\t\t\t\t<\/div>\n\t\t\t\t<\/div>\n\t\t\t\t\t\t<\/div>\n\t\t\t\t\t<\/div>\n\t\t<\/div>\n\t\t\t\t\t\t\t\t<\/div>\n\t\t\t\t\t<\/div>\n\t\t<\/section>\n\t\t\t\t\t\t<\/div>\n\t\t\t\t\t\t<\/div>\n\t\t\t\t\t<\/div>","protected":false},"excerpt":{"rendered":"<p>Astel Projekt Astel Software ASTEL SOFTWARE ASTEL PROJEKT has designed and developed its own custom-made software for the prediction of signal coverage strength and calculation of radio relay signal. This software,\u00a0called ASTEL SOFTWARE,\u00a0has been registered with the Intellectual Property Office (registration number A-0067\/2015). This software has been developed for company needs related to the efficient&#8230;<\/p>","protected":false},"author":1,"featured_media":0,"parent":0,"menu_order":0,"comment_status":"closed","ping_status":"closed","template":"r-energy-elementor-page.php","meta":{"footnotes":""},"class_list":{"0":"post-3397","1":"page","2":"type-page","3":"status-publish","4":"hentry","5":"nt-post-class","6":"","7":"masonry-item","8":"col-lg-6","10":"thumb-none","12":"excerpt-none"},"_links":{"self":[{"href":"http:\/\/www.astel.rs\/sr\/wp-json\/wp\/v2\/pages\/3397","targetHints":{"allow":["GET"]}}],"collection":[{"href":"http:\/\/www.astel.rs\/sr\/wp-json\/wp\/v2\/pages"}],"about":[{"href":"http:\/\/www.astel.rs\/sr\/wp-json\/wp\/v2\/types\/page"}],"author":[{"embeddable":true,"href":"http:\/\/www.astel.rs\/sr\/wp-json\/wp\/v2\/users\/1"}],"replies":[{"embeddable":true,"href":"http:\/\/www.astel.rs\/sr\/wp-json\/wp\/v2\/comments?post=3397"}],"version-history":[{"count":75,"href":"http:\/\/www.astel.rs\/sr\/wp-json\/wp\/v2\/pages\/3397\/revisions"}],"predecessor-version":[{"id":4672,"href":"http:\/\/www.astel.rs\/sr\/wp-json\/wp\/v2\/pages\/3397\/revisions\/4672"}],"wp:attachment":[{"href":"http:\/\/www.astel.rs\/sr\/wp-json\/wp\/v2\/media?parent=3397"}],"curies":[{"name":"wp","href":"https:\/\/api.w.org\/{rel}","templated":true}]}}