{"id":3387,"date":"2020-05-28T13:17:56","date_gmt":"2020-05-28T13:17:56","guid":{"rendered":"http:\/\/www.astel.rs\/?page_id=3387"},"modified":"2026-02-17T20:00:30","modified_gmt":"2026-02-17T20:00:30","slug":"astel-laboratory","status":"publish","type":"page","link":"http:\/\/www.astel.rs\/sr\/astel-laboratory\/","title":{"rendered":"Astel Laboratorija"},"content":{"rendered":"<div data-elementor-type=\"wp-page\" data-elementor-id=\"3387\" class=\"elementor elementor-3387\" data-elementor-settings=\"[]\">\n\t\t\t\t\t\t<div class=\"elementor-inner\">\n\t\t\t\t\t\t\t<div class=\"elementor-section-wrap\">\n\t\t\t\t\t\t\t<div class=\"elementor-section elementor-top-section elementor-element elementor-element-2dc0d54 elementor-section-stretched elementor-section-full_width elementor-section-height-default elementor-section-height-default\" data-id=\"2dc0d54\" data-element_type=\"section\" data-settings=\"{&quot;stretch_section&quot;:&quot;section-stretched&quot;}\">\n\t\t\t\t\t\t<div class=\"elementor-container elementor-column-gap-no\">\n\t\t\t\t\t\t\t<div class=\"elementor-row\">\n\t\t\t\t\t<div class=\"elementor-column elementor-col-100 elementor-top-column elementor-element elementor-element-b7848ac\" data-id=\"b7848ac\" data-element_type=\"column\">\n\t\t\t<div class=\"elementor-column-wrap elementor-element-populated\">\n\t\t\t\t\t\t\t<div class=\"elementor-widget-wrap\">\n\t\t\t\t\t\t<div class=\"elementor-element elementor-element-6ffbb9e elementor-widget elementor-widget-r-energy-page-hero-section\" data-id=\"6ffbb9e\" data-element_type=\"widget\" data-widget_type=\"r-energy-page-hero-section.default\">\n\t\t\t\t<div class=\"elementor-widget-container\">\n\t\t\t<div class=\"promo-primary\"><div class=\"overlay\"><\/div><picture><source srcset=\"http:\/\/www.astel.rs\/wp-content\/uploads\/2020\/06\/lab-novo.jpg\" media=\"(min-width: 992px)\"\/><img decoding=\"async\" class=\"img-bg\" src=\"http:\/\/www.astel.rs\/wp-content\/uploads\/2020\/06\/lab-novo.jpg\" alt=\"lab-novo.jpg\"\/><\/picture><div class=\"container\"><div class=\"row\"><div class=\"col-12\"><div class=\"align-container\"><div class=\"align-item\"><span class=\"site__name\">Astel Projekt<\/span><h1 class=\"title\">Astel Laboratorija<\/h1><\/div><\/div><\/div><\/div><\/div><\/div>\t\t<\/div>\n\t\t\t\t<\/div>\n\t\t\t\t\t\t<\/div>\n\t\t\t\t\t<\/div>\n\t\t<\/div>\n\t\t\t\t\t\t\t\t<\/div>\n\t\t\t\t\t<\/div>\n\t\t<\/div>\n\t\t\t\t<section class=\"elementor-section elementor-top-section elementor-element elementor-element-f236d13 elementor-hidden-desktop elementor-hidden-tablet elementor-section-boxed elementor-section-height-default elementor-section-height-default\" data-id=\"f236d13\" data-element_type=\"section\">\n\t\t\t\t\t\t<div class=\"elementor-container elementor-column-gap-default\">\n\t\t\t\t\t\t\t<div class=\"elementor-row\">\n\t\t\t\t\t<div class=\"elementor-column elementor-col-100 elementor-top-column elementor-element elementor-element-f47c04a\" data-id=\"f47c04a\" data-element_type=\"column\">\n\t\t\t<div class=\"elementor-column-wrap elementor-element-populated\">\n\t\t\t\t\t\t\t<div class=\"elementor-widget-wrap\">\n\t\t\t\t\t\t<div class=\"elementor-element elementor-element-a03f3da elementor-widget elementor-widget-heading\" data-id=\"a03f3da\" data-element_type=\"widget\" data-widget_type=\"heading.default\">\n\t\t\t\t<div class=\"elementor-widget-container\">\n\t\t\t<h2 class=\"elementor-heading-title elementor-size-default\">Ispitivanje i <span style=\"color: #8d181b;\"> merenje<\/span><\/h2><\/h2>\t\t<\/div>\n\t\t\t\t<\/div>\n\t\t\t\t<div class=\"elementor-element elementor-element-64d304f elementor-widget elementor-widget-text-editor\" data-id=\"64d304f\" data-element_type=\"widget\" data-widget_type=\"text-editor.default\">\n\t\t\t\t<div class=\"elementor-widget-container\">\n\t\t\t\t\t<div class=\"elementor-text-editor elementor-clearfix\"><p>Astel laboratorija - laboratorija za ispitivanje i merenje nejonizuju\u0107eg zra\u010denja i buke u \u017eivotnoj sredini je posebna organizaciona celina unutar Astel Projekta. Astel Laboratorija ima vi\u0161egodi\u0161nje iskustvo u ispitivanju nejonizuju\u0107ih zra\u010denja, a koje sprovodi kao sastavni deo tehni\u010dkih pregleda telekomunikacionih i radio-difuznih radio-stanica u skladu sa Zakonom o elektronskim komunikacijama.<\/p><\/div>\n\t\t\t\t<\/div>\n\t\t\t\t<\/div>\n\t\t\t\t<div class=\"elementor-element elementor-element-b1e743c elementor-widget elementor-widget-image\" data-id=\"b1e743c\" data-element_type=\"widget\" data-widget_type=\"image.default\">\n\t\t\t\t<div class=\"elementor-widget-container\">\n\t\t\t\t\t<div class=\"elementor-image\">\n\t\t\t\t\t\t\t\t\t\t<img loading=\"lazy\" decoding=\"async\" width=\"768\" height=\"1024\" src=\"http:\/\/www.astel.rs\/wp-content\/uploads\/2020\/06\/astel1-768x1024.jpg\" class=\"attachment-large size-large\" alt=\"\" srcset=\"http:\/\/www.astel.rs\/wp-content\/uploads\/2020\/06\/astel1-768x1024.jpg 768w, http:\/\/www.astel.rs\/wp-content\/uploads\/2020\/06\/astel1-225x300.jpg 225w, http:\/\/www.astel.rs\/wp-content\/uploads\/2020\/06\/astel1-1152x1536.jpg 1152w, http:\/\/www.astel.rs\/wp-content\/uploads\/2020\/06\/astel1.jpg 1200w\" sizes=\"auto, (max-width: 768px) 100vw, 768px\" \/>\t\t\t\t\t\t\t\t\t\t\t<\/div>\n\t\t\t\t<\/div>\n\t\t\t\t<\/div>\n\t\t\t\t\t\t<\/div>\n\t\t\t\t\t<\/div>\n\t\t<\/div>\n\t\t\t\t\t\t\t\t<\/div>\n\t\t\t\t\t<\/div>\n\t\t<\/section>\n\t\t\t\t<div class=\"elementor-section elementor-top-section elementor-element elementor-element-fc9adce elementor-section-full_width nt-section section no-padding-top elementor-reverse-mobile elementor-hidden-phone elementor-section-height-default elementor-section-height-default\" data-id=\"fc9adce\" data-element_type=\"section\">\n\t\t\t\t\t\t<div class=\"elementor-container elementor-column-gap-no\">\n\t\t\t\t\t\t\t<div class=\"elementor-row\">\n\t\t\t\t\t<div class=\"elementor-column elementor-col-100 elementor-top-column elementor-element elementor-element-db8a278\" data-id=\"db8a278\" data-element_type=\"column\">\n\t\t\t<div class=\"elementor-column-wrap elementor-element-populated\">\n\t\t\t\t\t\t\t<div class=\"elementor-widget-wrap\">\n\t\t\t\t\t\t<div class=\"elementor-element elementor-element-1617ce6 elementor-widget elementor-widget-r-energy-product-description-section\" data-id=\"1617ce6\" data-element_type=\"widget\" data-widget_type=\"r-energy-product-description-section.default\">\n\t\t\t\t<div class=\"elementor-widget-container\">\n\t\t\t<div class=\"description-item hidecolor\"><div class=\"container\"><div class=\"row align-items-center flex-column-reverse flex-md-row\"><div class=\"col-lg-6 col-md-7\"><div class=\"align-container\"><div class=\"align-item\"><h2>Ispitivanje i merenje <span style=\"color: #8d181b;\"> nejonizuju\u0107eg zra\u010denja<\/span><\/h2><p>Astel laboratorija je zasebna organizaciona celina u Astel Projektu, u okviru koje se obavljaju ispitivanja i merenja nejonizuju\u0107eg zra\u010denja, odnosno ispitivanja i merenja nivoa izlaganja ljudi elektromagnetskim poljima visokih i niskih frekvencija. \nNa\u0161a vizija je da postanemo vode\u0107a laboratorija u regionu u ovoj oblasti, stoga nastojimo da idemo u korak sa najnovijim svetskim trendovima u o\u010duvanju \u017eivotne sredine tako \u0161to kontinuirano ula\u017eemo u najmoderniju opremu za ispitivanje elektromagnetnog zra\u010denja  i obuku svojih zaposlenih.\u00a0<\/p><\/div><\/div><\/div><div class=\"col-lg-5 offset-xl-1 col-md-5\"><div class=\"description-item__img\"><img decoding=\"async\" src=\"http:\/\/www.astel.rs\/wp-content\/uploads\/2020\/06\/astel1.jpg\" alt=\"\"><\/div><\/div><\/div><\/div><\/div>\t\t<\/div>\n\t\t\t\t<\/div>\n\t\t\t\t\t\t<\/div>\n\t\t\t\t\t<\/div>\n\t\t<\/div>\n\t\t\t\t\t\t\t\t<\/div>\n\t\t\t\t\t<\/div>\n\t\t<\/div>\n\t\t\t\t<section class=\"elementor-section elementor-top-section elementor-element elementor-element-5514abf elementor-section-full_width elementor-section-height-default elementor-section-height-default\" data-id=\"5514abf\" data-element_type=\"section\">\n\t\t\t\t\t\t<div class=\"elementor-container elementor-column-gap-no\">\n\t\t\t\t\t\t\t<div class=\"elementor-row\">\n\t\t\t\t\t<div class=\"elementor-column elementor-col-100 elementor-top-column elementor-element elementor-element-6d8d270\" data-id=\"6d8d270\" data-element_type=\"column\">\n\t\t\t<div class=\"elementor-column-wrap elementor-element-populated\">\n\t\t\t\t\t\t\t<div class=\"elementor-widget-wrap\">\n\t\t\t\t\t\t<div class=\"elementor-element elementor-element-655e94b elementor-widget elementor-widget-r-energy-product-info-parallax-section\" data-id=\"655e94b\" data-element_type=\"widget\" data-widget_type=\"r-energy-product-info-parallax-section.default\">\n\t\t\t\t<div class=\"elementor-widget-container\">\n\t\t\t<div class=\"product-info hideafter\"><div class=\"bg-holder jarallax\"><div class=\"overlay\"><\/div><picture class=\"jarallax-img\"><source srcset=\"http:\/\/www.astel.rs\/wp-content\/uploads\/2020\/06\/test-02.jpg\" media=\"(min-width: 992px)\"\/><img decoding=\"async\" class=\"img-bg\" src=\"http:\/\/www.astel.rs\/wp-content\/uploads\/2020\/06\/test-02.jpg\" alt=\"\"\/><\/picture><\/div><div class=\"container\">\t<div class=\"row\"><div class=\"col-xl-7 offset-xl-5 col-lg-8 offset-lg-4\"><div class=\"text-holder\"><h3 class=\"title\">Pioniri u 5G merenjima nejonizuju\u0107eg zra\u010denja<\/h3><p>Astel laboratorija je prva laboratorija u Srbiji akreditovana od strane Akreditacionog Tela Srbije (ATS), akreditacioni br. 01-494, za ispitivanje i merenje nejonizuju\u0107eg zra\u010denja koja poti\u010du od 5G izvora baznih stanica. prema standardu SRPS ISO\/IEC 17025:2017.<\/p><\/div><\/div><\/div><\/div><\/div>\t\t<\/div>\n\t\t\t\t<\/div>\n\t\t\t\t\t\t<\/div>\n\t\t\t\t\t<\/div>\n\t\t<\/div>\n\t\t\t\t\t\t\t\t<\/div>\n\t\t\t\t\t<\/div>\n\t\t<\/section>\n\t\t\t\t\t\t<\/div>\n\t\t\t\t\t\t<\/div>\n\t\t\t\t\t<\/div>","protected":false},"excerpt":{"rendered":"<p>Astel Projekt Astel Laboratory Testing and and Measuring Laboratory for testing and measuring the level of electromagnetic field and noise in the environment operates as independent organizational structure within Astel Projekt. Astel Laboratory has over a decade of experience in measuring and testing level of electromagnetic field and noise, which were performed during technical inspections&#8230;<\/p>","protected":false},"author":1,"featured_media":0,"parent":0,"menu_order":0,"comment_status":"closed","ping_status":"closed","template":"r-energy-elementor-page.php","meta":{"footnotes":""},"class_list":{"0":"post-3387","1":"page","2":"type-page","3":"status-publish","4":"hentry","5":"nt-post-class","6":"","7":"masonry-item","8":"col-lg-6","10":"thumb-none","12":"excerpt-none"},"_links":{"self":[{"href":"http:\/\/www.astel.rs\/sr\/wp-json\/wp\/v2\/pages\/3387","targetHints":{"allow":["GET"]}}],"collection":[{"href":"http:\/\/www.astel.rs\/sr\/wp-json\/wp\/v2\/pages"}],"about":[{"href":"http:\/\/www.astel.rs\/sr\/wp-json\/wp\/v2\/types\/page"}],"author":[{"embeddable":true,"href":"http:\/\/www.astel.rs\/sr\/wp-json\/wp\/v2\/users\/1"}],"replies":[{"embeddable":true,"href":"http:\/\/www.astel.rs\/sr\/wp-json\/wp\/v2\/comments?post=3387"}],"version-history":[{"count":35,"href":"http:\/\/www.astel.rs\/sr\/wp-json\/wp\/v2\/pages\/3387\/revisions"}],"predecessor-version":[{"id":4726,"href":"http:\/\/www.astel.rs\/sr\/wp-json\/wp\/v2\/pages\/3387\/revisions\/4726"}],"wp:attachment":[{"href":"http:\/\/www.astel.rs\/sr\/wp-json\/wp\/v2\/media?parent=3387"}],"curies":[{"name":"wp","href":"https:\/\/api.w.org\/{rel}","templated":true}]}}