{"id":3347,"date":"2020-05-28T12:15:19","date_gmt":"2020-05-28T12:15:19","guid":{"rendered":"http:\/\/www.astel.rs\/?page_id=3347"},"modified":"2026-02-17T11:14:56","modified_gmt":"2026-02-17T11:14:56","slug":"marko-vasilijevic","status":"publish","type":"page","link":"http:\/\/www.astel.rs\/sr\/marko-vasilijevic\/","title":{"rendered":"Marko Vasilijevi\u0107"},"content":{"rendered":"<div data-elementor-type=\"wp-page\" data-elementor-id=\"3347\" class=\"elementor elementor-3347\" data-elementor-settings=\"[]\">\n\t\t\t\t\t\t<div class=\"elementor-inner\">\n\t\t\t\t\t\t\t<div class=\"elementor-section-wrap\">\n\t\t\t\t\t\t\t<section class=\"elementor-section elementor-top-section elementor-element elementor-element-f84cb61 elementor-section-stretched elementor-section-full_width elementor-section-height-default elementor-section-height-default\" data-id=\"f84cb61\" data-element_type=\"section\" data-settings=\"{&quot;stretch_section&quot;:&quot;section-stretched&quot;}\">\n\t\t\t\t\t\t<div class=\"elementor-container elementor-column-gap-no\">\n\t\t\t\t\t\t\t<div class=\"elementor-row\">\n\t\t\t\t\t<div class=\"elementor-column elementor-col-100 elementor-top-column elementor-element elementor-element-c172e3d\" data-id=\"c172e3d\" data-element_type=\"column\">\n\t\t\t<div class=\"elementor-column-wrap elementor-element-populated\">\n\t\t\t\t\t\t\t<div class=\"elementor-widget-wrap\">\n\t\t\t\t\t\t<div class=\"elementor-element elementor-element-2f51562 elementor-widget elementor-widget-r-energy-page-hero-section\" data-id=\"2f51562\" data-element_type=\"widget\" data-widget_type=\"r-energy-page-hero-section.default\">\n\t\t\t\t<div class=\"elementor-widget-container\">\n\t\t\t<div class=\"promo-primary\"><div class=\"overlay\"><\/div><picture><source srcset=\"http:\/\/www.astel.rs\/wp-content\/uploads\/2020\/06\/team.jpg\" media=\"(min-width: 992px)\"\/><img decoding=\"async\" class=\"img-bg\" src=\"http:\/\/www.astel.rs\/wp-content\/uploads\/2020\/06\/team.jpg\" alt=\"team.jpg\"\/><\/picture><div class=\"container\"><div class=\"row\"><div class=\"col-12\"><div class=\"align-container\"><div class=\"align-item\"><span class=\"site__name\">Astel Projekt<\/span><h1 class=\"title\">Menad\u017ement<\/h1><\/div><\/div><\/div><\/div><\/div><\/div>\t\t<\/div>\n\t\t\t\t<\/div>\n\t\t\t\t\t\t<\/div>\n\t\t\t\t\t<\/div>\n\t\t<\/div>\n\t\t\t\t\t\t\t\t<\/div>\n\t\t\t\t\t<\/div>\n\t\t<\/section>\n\t\t\t\t<section class=\"elementor-section elementor-top-section elementor-element elementor-element-d2bcbdc elementor-section-boxed elementor-section-height-default elementor-section-height-default\" data-id=\"d2bcbdc\" data-element_type=\"section\" data-settings=\"{&quot;background_background&quot;:&quot;classic&quot;}\">\n\t\t\t\t\t\t<div class=\"elementor-container elementor-column-gap-default\">\n\t\t\t\t\t\t\t<div class=\"elementor-row\">\n\t\t\t\t\t<div class=\"elementor-column elementor-col-50 elementor-top-column elementor-element elementor-element-d54ed87\" data-id=\"d54ed87\" data-element_type=\"column\">\n\t\t\t<div class=\"elementor-column-wrap elementor-element-populated\">\n\t\t\t\t\t\t\t<div class=\"elementor-widget-wrap\">\n\t\t\t\t\t\t<div class=\"elementor-element elementor-element-b87b317 elementor-widget elementor-widget-r-energy-team-member-item\" data-id=\"b87b317\" data-element_type=\"widget\" data-widget_type=\"r-energy-team-member-item.default\">\n\t\t\t\t<div class=\"elementor-widget-container\">\n\t\t\t<div class=\"team-item team-item--primary\"><div class=\"img-holder\"><img decoding=\"async\" class=\"img-bg\" src=\"http:\/\/www.astel.rs\/wp-content\/uploads\/2020\/06\/MarkoNew.jpg\" alt=\"MarkoNew.jpg\"\/><nav class=\"socials-holder\"><ul class=\"socials-primary\"><li><a href=\"\" target=\"_blank\"><\/a><\/li><\/ul><\/nav><div class=\"description\"><span class=\"name\">Marko Vasilijevi\u0107<\/span><span class=\"position\">Rukovodilac Astel laboratorije                                                                                     <\/span><\/div><\/div><\/div>\t\t<\/div>\n\t\t\t\t<\/div>\n\t\t\t\t\t\t<\/div>\n\t\t\t\t\t<\/div>\n\t\t<\/div>\n\t\t\t\t<div class=\"elementor-column elementor-col-50 elementor-top-column elementor-element elementor-element-8f7b11c\" data-id=\"8f7b11c\" data-element_type=\"column\" data-settings=\"{&quot;background_background&quot;:&quot;classic&quot;}\">\n\t\t\t<div class=\"elementor-column-wrap elementor-element-populated\">\n\t\t\t\t\t\t\t<div class=\"elementor-widget-wrap\">\n\t\t\t\t\t\t<div class=\"elementor-element elementor-element-a5bb9ca elementor-widget__width-auto elementor-widget elementor-widget-heading\" data-id=\"a5bb9ca\" data-element_type=\"widget\" data-widget_type=\"heading.default\">\n\t\t\t\t<div class=\"elementor-widget-container\">\n\t\t\t<h3 class=\"elementor-heading-title elementor-size-default\">Marko Vasilijevi\u0107,<\/h3>\t\t<\/div>\n\t\t\t\t<\/div>\n\t\t\t\t<div class=\"elementor-element elementor-element-2d8fa6b elementor-widget__width-auto elementor-widget elementor-widget-heading\" data-id=\"2d8fa6b\" data-element_type=\"widget\" data-widget_type=\"heading.default\">\n\t\t\t\t<div class=\"elementor-widget-container\">\n\t\t\t<h6 class=\"elementor-heading-title elementor-size-default\">dipl. in\u017e. saobra\u0107aja<\/h6>\t\t<\/div>\n\t\t\t\t<\/div>\n\t\t\t\t<div class=\"elementor-element elementor-element-f234ae1 elementor-widget elementor-widget-heading\" data-id=\"f234ae1\" data-element_type=\"widget\" data-widget_type=\"heading.default\">\n\t\t\t\t<div class=\"elementor-widget-container\">\n\t\t\t<h6 class=\"elementor-heading-title elementor-size-default\">Rukovodilac Astel laboratorije<\/h6>\t\t<\/div>\n\t\t\t\t<\/div>\n\t\t\t\t<div class=\"elementor-element elementor-element-946b40e elementor-widget elementor-widget-text-editor\" data-id=\"946b40e\" data-element_type=\"widget\" data-widget_type=\"text-editor.default\">\n\t\t\t\t<div class=\"elementor-widget-container\">\n\t\t\t\t\t<div class=\"elementor-text-editor elementor-clearfix\"><p><strong>Marko je zapo\u010deo svoj radni sta\u017e u Astel Projektu pre vi\u0161e od 16 godina.<\/strong> Od tada je obavljao razli\u010dite poslove, sa istom stra\u0161\u0107u i u kancelariji i na terenu. Njegova oblast ekspertize je \u0161iroka i obuhvata tehni\u010dke preglede radio stanica, uklju\u010duju\u0107i RF merenja i merenja nejonizuju\u0107eg zra\u010denja, izradu tehni\u010dkih izve\u0161taja i korespodenciju sa RATEL-om, projektovanje telekomunikacionih mre\u017ea i sistema (baznih stanica, RR linkova, FM stanica, mobilne mre\u017ee\u2026), kao i rad u programskom paketu ASTEL SOFTVER i Aldena EMLAB koji se koriste za razli\u010dite vrste kalkulacija, potrebnih za izradu tehni\u010dke dokumentacije. Kao Rukovodilac Astel laboratorije, Marko je zadu\u017een za organizaciju, koordinaciju i implementaciju operacija ispitivanja i merenja nejonizuju\u0107eg zra\u010denja u \u017eivotnoj sredini, za vo\u0111enje tima in\u017eenjera koji obavljaju laboratorijske aktivnosti, komunikaciju sa klijentima i pro\u0161irenje obima laboratorijskih aktivnosti.<\/p><p><strong>Zahvaljuju\u0107i njegovom vodjstvu, stru\u010dnosti i posve\u0107enosti, Astel laboratorija je postala prva u Srbiji akreditovana za ispitivanje i merenje nejonizuju\u0107eg zra\u010denja koja poti\u010du od 5G izvora baznih stanica.<\/strong><\/p><p>Marko poseduje sertifikat za rad na visini i ovla\u0161\u0107en je od strane Ministarstva za za\u0161titu \u017eivotne sredine i Pokrajinskog sekretarijata za urbanizam i za\u0161titu \u017eivotne sredine AP Vojvodine za obavljanje poslova ispitivanja nivoa nejonizuju\u0107eg zra\u010denja u \u017eivotnoj sredini.<\/p><\/div>\n\t\t\t\t<\/div>\n\t\t\t\t<\/div>\n\t\t\t\t\t\t<\/div>\n\t\t\t\t\t<\/div>\n\t\t<\/div>\n\t\t\t\t\t\t\t\t<\/div>\n\t\t\t\t\t<\/div>\n\t\t<\/section>\n\t\t\t\t\t\t<\/div>\n\t\t\t\t\t\t<\/div>\n\t\t\t\t\t<\/div>","protected":false},"excerpt":{"rendered":"<p>Astel Management Marko Vasilijevi\u0107Head of Astel Laboratory Marko Vasilijevi\u0107, Msc Telecommunication Traffic Engineer Head of Astel Laboratory Marko started his career in ASTEL PROJEKT 16 years ago and still counting. Since joining the Company he has been working on different tasks, with the same passion, both in the field and in the office. His expertise&#8230;<\/p>","protected":false},"author":1,"featured_media":0,"parent":0,"menu_order":0,"comment_status":"closed","ping_status":"closed","template":"r-energy-elementor-page.php","meta":{"footnotes":""},"class_list":{"0":"post-3347","1":"page","2":"type-page","3":"status-publish","4":"hentry","5":"nt-post-class","6":"","7":"masonry-item","8":"col-lg-6","10":"thumb-none","12":"excerpt-none"},"_links":{"self":[{"href":"http:\/\/www.astel.rs\/sr\/wp-json\/wp\/v2\/pages\/3347","targetHints":{"allow":["GET"]}}],"collection":[{"href":"http:\/\/www.astel.rs\/sr\/wp-json\/wp\/v2\/pages"}],"about":[{"href":"http:\/\/www.astel.rs\/sr\/wp-json\/wp\/v2\/types\/page"}],"author":[{"embeddable":true,"href":"http:\/\/www.astel.rs\/sr\/wp-json\/wp\/v2\/users\/1"}],"replies":[{"embeddable":true,"href":"http:\/\/www.astel.rs\/sr\/wp-json\/wp\/v2\/comments?post=3347"}],"version-history":[{"count":27,"href":"http:\/\/www.astel.rs\/sr\/wp-json\/wp\/v2\/pages\/3347\/revisions"}],"predecessor-version":[{"id":4705,"href":"http:\/\/www.astel.rs\/sr\/wp-json\/wp\/v2\/pages\/3347\/revisions\/4705"}],"wp:attachment":[{"href":"http:\/\/www.astel.rs\/sr\/wp-json\/wp\/v2\/media?parent=3347"}],"curies":[{"name":"wp","href":"https:\/\/api.w.org\/{rel}","templated":true}]}}