{"id":3337,"date":"2020-05-28T12:12:13","date_gmt":"2020-05-28T12:12:13","guid":{"rendered":"http:\/\/www.astel.rs\/?page_id=3337"},"modified":"2026-02-17T11:48:46","modified_gmt":"2026-02-17T11:48:46","slug":"aco-stevanovic","status":"publish","type":"page","link":"http:\/\/www.astel.rs\/sr\/aco-stevanovic\/","title":{"rendered":"Aco Stevanovic"},"content":{"rendered":"<div data-elementor-type=\"wp-page\" data-elementor-id=\"3337\" class=\"elementor elementor-3337\" data-elementor-settings=\"[]\">\n\t\t\t\t\t\t<div class=\"elementor-inner\">\n\t\t\t\t\t\t\t<div class=\"elementor-section-wrap\">\n\t\t\t\t\t\t\t<section class=\"elementor-section elementor-top-section elementor-element elementor-element-3c801cd2 elementor-section-stretched elementor-section-full_width elementor-section-height-default elementor-section-height-default\" data-id=\"3c801cd2\" data-element_type=\"section\" data-settings=\"{&quot;stretch_section&quot;:&quot;section-stretched&quot;}\">\n\t\t\t\t\t\t<div class=\"elementor-container elementor-column-gap-no\">\n\t\t\t\t\t\t\t<div class=\"elementor-row\">\n\t\t\t\t\t<div class=\"elementor-column elementor-col-100 elementor-top-column elementor-element elementor-element-7e8303d9\" data-id=\"7e8303d9\" data-element_type=\"column\">\n\t\t\t<div class=\"elementor-column-wrap elementor-element-populated\">\n\t\t\t\t\t\t\t<div class=\"elementor-widget-wrap\">\n\t\t\t\t\t\t<div class=\"elementor-element elementor-element-738f71f8 elementor-widget elementor-widget-r-energy-page-hero-section\" data-id=\"738f71f8\" data-element_type=\"widget\" data-widget_type=\"r-energy-page-hero-section.default\">\n\t\t\t\t<div class=\"elementor-widget-container\">\n\t\t\t<div class=\"promo-primary\"><div class=\"overlay\"><\/div><picture><source srcset=\"http:\/\/www.astel.rs\/wp-content\/uploads\/2020\/06\/team.jpg\" media=\"(min-width: 992px)\"\/><img decoding=\"async\" class=\"img-bg\" src=\"http:\/\/www.astel.rs\/wp-content\/uploads\/2020\/06\/team.jpg\" alt=\"team.jpg\"\/><\/picture><div class=\"container\"><div class=\"row\"><div class=\"col-12\"><div class=\"align-container\"><div class=\"align-item\"><span class=\"site__name\">Astel Projekt<\/span><h1 class=\"title\">Menad\u017ement<\/h1><\/div><\/div><\/div><\/div><\/div><\/div>\t\t<\/div>\n\t\t\t\t<\/div>\n\t\t\t\t\t\t<\/div>\n\t\t\t\t\t<\/div>\n\t\t<\/div>\n\t\t\t\t\t\t\t\t<\/div>\n\t\t\t\t\t<\/div>\n\t\t<\/section>\n\t\t\t\t<section class=\"elementor-section elementor-top-section elementor-element elementor-element-25c8e24 elementor-section-boxed elementor-section-height-default elementor-section-height-default\" data-id=\"25c8e24\" data-element_type=\"section\" data-settings=\"{&quot;background_background&quot;:&quot;classic&quot;}\">\n\t\t\t\t\t\t<div class=\"elementor-container elementor-column-gap-default\">\n\t\t\t\t\t\t\t<div class=\"elementor-row\">\n\t\t\t\t\t<div class=\"elementor-column elementor-col-50 elementor-top-column elementor-element elementor-element-ccab0aa\" data-id=\"ccab0aa\" data-element_type=\"column\">\n\t\t\t<div class=\"elementor-column-wrap elementor-element-populated\">\n\t\t\t\t\t\t\t<div class=\"elementor-widget-wrap\">\n\t\t\t\t\t\t<div class=\"elementor-element elementor-element-8cd7ca9 elementor-widget elementor-widget-r-energy-team-member-item\" data-id=\"8cd7ca9\" data-element_type=\"widget\" data-widget_type=\"r-energy-team-member-item.default\">\n\t\t\t\t<div class=\"elementor-widget-container\">\n\t\t\t<div class=\"team-item team-item--primary\"><div class=\"img-holder\"><img decoding=\"async\" class=\"img-bg\" src=\"http:\/\/www.astel.rs\/wp-content\/uploads\/2020\/06\/aco5.jpg\" alt=\"aco5.jpg\"\/><nav class=\"socials-holder\"><ul class=\"socials-primary\"><li><a href=\"\" target=\"_blank\"><\/a><\/li><\/ul><\/nav><div class=\"description\"><span class=\"name\">Dr Aco Stevanovi\u0107<\/span><span class=\"position\">Osniva\u010d i direktor Astel Projekta\n<\/span><\/div><\/div><\/div>\t\t<\/div>\n\t\t\t\t<\/div>\n\t\t\t\t\t\t<\/div>\n\t\t\t\t\t<\/div>\n\t\t<\/div>\n\t\t\t\t<div class=\"elementor-column elementor-col-50 elementor-top-column elementor-element elementor-element-8c905ce\" data-id=\"8c905ce\" data-element_type=\"column\" data-settings=\"{&quot;background_background&quot;:&quot;classic&quot;}\">\n\t\t\t<div class=\"elementor-column-wrap elementor-element-populated\">\n\t\t\t\t\t\t\t<div class=\"elementor-widget-wrap\">\n\t\t\t\t\t\t<div class=\"elementor-element elementor-element-0a4b851 elementor-widget__width-auto elementor-widget elementor-widget-heading\" data-id=\"0a4b851\" data-element_type=\"widget\" data-widget_type=\"heading.default\">\n\t\t\t\t<div class=\"elementor-widget-container\">\n\t\t\t<h3 class=\"elementor-heading-title elementor-size-default\">Dr Aco Stevanovi\u0107,<\/h3>\t\t<\/div>\n\t\t\t\t<\/div>\n\t\t\t\t<div class=\"elementor-element elementor-element-8ba0381 elementor-widget__width-auto elementor-widget elementor-widget-heading\" data-id=\"8ba0381\" data-element_type=\"widget\" data-widget_type=\"heading.default\">\n\t\t\t\t<div class=\"elementor-widget-container\">\n\t\t\t<h6 class=\"elementor-heading-title elementor-size-default\">dipl. in\u017e. elektrotehnike<\/h6>\t\t<\/div>\n\t\t\t\t<\/div>\n\t\t\t\t<div class=\"elementor-element elementor-element-8816341 elementor-widget elementor-widget-heading\" data-id=\"8816341\" data-element_type=\"widget\" data-widget_type=\"heading.default\">\n\t\t\t\t<div class=\"elementor-widget-container\">\n\t\t\t<h6 class=\"elementor-heading-title elementor-size-default\">Osniva\u010d i direktor Astel Projekta<\/h6>\t\t<\/div>\n\t\t\t\t<\/div>\n\t\t\t\t<div class=\"elementor-element elementor-element-1ae19c3 elementor-widget elementor-widget-text-editor\" data-id=\"1ae19c3\" data-element_type=\"widget\" data-widget_type=\"text-editor.default\">\n\t\t\t\t<div class=\"elementor-widget-container\">\n\t\t\t\t\t<div class=\"elementor-text-editor elementor-clearfix\"><p>Osniva\u010d i direktor Astel Projekta, sa vi\u0161e od 38 godina iskustva na polju telekomunikacija. Glavna oblast ekspertize su radio komunikacije, posebno radio difuzija.<\/p><p>Kao odgovorni projektant, Aco je izradio na hiljade projekata, kao \u0161to su projekti za UHF\/VHF funkcionalne radio mre\u017ee, mobilne radio bazne stanice, radio-relejne mre\u017ee, radio difuzne FM i TV predajnike, VSAT stanice i UP linkove, opti\u010dke mre\u017ee itd. Pored toga, bio je anga\u017eovan i kao konsultant na Generalnom projektu funkcionalne radio mre\u017ee za kontrolu I upravljanje nad hidrolo\u0161kim mernim stanicama RHMZ-a na teritoriji Republike Srbije, posebno u slivu reke Kolubare i na Projektu sistema rane najave obave\u0161tavanja i alarmiranja za grad U\u017eice.<\/p><p>Tokom 4 godine provedene na odgovornim funkcijama u Saveznom Ministarstvu Telekomunikacija, Aco je u potpunosti ovladao zakonskom regulativom kako doma\u0107om tako i medjunarodnom, i stekao bogato iskustvo u regulisanju oblasti elektronskih komunikacija.<\/p><p>Autor je programskog paketa ASTEL SOFTVER, za\u0161ti\u0107enog kod Zavoda za intelektualnu svojinu Republike Srbije, a koji je na\u0161ao svoju primenu u okviru Astel Projekta za kvalitetnu i efikasnu izradu prora\u010duna neophodnih za izradu projektne dokumentacije.<\/p><h4><em>Poseduje slede\u0107e licence In\u017eenjerske komore Srbije:<\/em><\/h4><ol><li class=\" translation-block\">Licenca 353 8730 04 \u2013 Odgovorni projektant elekomunikacionih mre\u017ea i sistema,<\/li><li class=\" translation-block\">Licenca 453 E702 10 \u2013 Odgovorni izvo\u0111a\u010d radova telekomunikacionih mre\u017ea i sistema,<\/li><li class=\" translation-block\">Licenca 350 9850 04 \u2013 Odgovorni projektant elektroenergetskih instalacija niskog i srednjeg napona.<\/li><\/ol><\/div>\n\t\t\t\t<\/div>\n\t\t\t\t<\/div>\n\t\t\t\t\t\t<\/div>\n\t\t\t\t\t<\/div>\n\t\t<\/div>\n\t\t\t\t\t\t\t\t<\/div>\n\t\t\t\t\t<\/div>\n\t\t<\/section>\n\t\t\t\t<section class=\"elementor-section elementor-top-section elementor-element elementor-element-f1ee1fe elementor-hidden-desktop elementor-hidden-tablet elementor-hidden-phone elementor-section-boxed elementor-section-height-default elementor-section-height-default\" data-id=\"f1ee1fe\" data-element_type=\"section\">\n\t\t\t\t\t\t<div class=\"elementor-container elementor-column-gap-default\">\n\t\t\t\t\t\t\t<div class=\"elementor-row\">\n\t\t\t\t\t<div class=\"elementor-column elementor-col-100 elementor-top-column elementor-element elementor-element-28c72e4\" data-id=\"28c72e4\" data-element_type=\"column\">\n\t\t\t<div class=\"elementor-column-wrap elementor-element-populated\">\n\t\t\t\t\t\t\t<div class=\"elementor-widget-wrap\">\n\t\t\t\t\t\t<div class=\"elementor-element elementor-element-c1513a3 elementor-widget elementor-widget-heading\" data-id=\"c1513a3\" data-element_type=\"widget\" data-widget_type=\"heading.default\">\n\t\t\t\t<div class=\"elementor-widget-container\">\n\t\t\t<h2 class=\"elementor-heading-title elementor-size-default\">Add Your Heading Text Here<\/h2>\t\t<\/div>\n\t\t\t\t<\/div>\n\t\t\t\t<div class=\"elementor-element elementor-element-ec92bc0 elementor-widget elementor-widget-text-editor\" data-id=\"ec92bc0\" data-element_type=\"widget\" data-widget_type=\"text-editor.default\">\n\t\t\t\t<div class=\"elementor-widget-container\">\n\t\t\t\t\t<div class=\"elementor-text-editor elementor-clearfix\"><p>Lorem ipsum dolor sit amet, consectetur adipiscing elit. Ut elit tellus, luctus nec ullamcorper mattis, pulvinar dapibus leo.<\/p><\/div>\n\t\t\t\t<\/div>\n\t\t\t\t<\/div>\n\t\t\t\t\t\t<\/div>\n\t\t\t\t\t<\/div>\n\t\t<\/div>\n\t\t\t\t\t\t\t\t<\/div>\n\t\t\t\t\t<\/div>\n\t\t<\/section>\n\t\t\t\t\t\t<\/div>\n\t\t\t\t\t\t<\/div>\n\t\t\t\t\t<\/div>","protected":false},"excerpt":{"rendered":"<p>Astel Projekt Management Aco Stevanovi\u0107Founder and CEO of ASTEL PROJEKT Aco Stevanovi\u0107 PhD, MSc Electrical engineer Founder and CEO of ASTEL PROJEKT A strong business development professional, with a demonstrated history of working in the telecommunication industry. Skilled in business planning, project management and negotiation, as well as having strong team leadership skills demonstrated repeatedly&#8230;<\/p>","protected":false},"author":1,"featured_media":0,"parent":0,"menu_order":0,"comment_status":"closed","ping_status":"closed","template":"r-energy-elementor-page.php","meta":{"footnotes":""},"class_list":{"0":"post-3337","1":"page","2":"type-page","3":"status-publish","4":"hentry","5":"nt-post-class","6":"","7":"masonry-item","8":"col-lg-6","10":"thumb-none","12":"excerpt-none"},"_links":{"self":[{"href":"http:\/\/www.astel.rs\/sr\/wp-json\/wp\/v2\/pages\/3337","targetHints":{"allow":["GET"]}}],"collection":[{"href":"http:\/\/www.astel.rs\/sr\/wp-json\/wp\/v2\/pages"}],"about":[{"href":"http:\/\/www.astel.rs\/sr\/wp-json\/wp\/v2\/types\/page"}],"author":[{"embeddable":true,"href":"http:\/\/www.astel.rs\/sr\/wp-json\/wp\/v2\/users\/1"}],"replies":[{"embeddable":true,"href":"http:\/\/www.astel.rs\/sr\/wp-json\/wp\/v2\/comments?post=3337"}],"version-history":[{"count":39,"href":"http:\/\/www.astel.rs\/sr\/wp-json\/wp\/v2\/pages\/3337\/revisions"}],"predecessor-version":[{"id":4711,"href":"http:\/\/www.astel.rs\/sr\/wp-json\/wp\/v2\/pages\/3337\/revisions\/4711"}],"wp:attachment":[{"href":"http:\/\/www.astel.rs\/sr\/wp-json\/wp\/v2\/media?parent=3337"}],"curies":[{"name":"wp","href":"https:\/\/api.w.org\/{rel}","templated":true}]}}